{"id":3179,"date":"2025-09-19T11:12:38","date_gmt":"2025-09-19T11:12:38","guid":{"rendered":"https:\/\/occurtrial.co.uk\/echipa-occur\/"},"modified":"2026-01-27T12:57:38","modified_gmt":"2026-01-27T12:57:38","slug":"echipa-occur","status":"publish","type":"page","link":"https:\/\/occurtrial.co.uk\/ro\/echipa-occur\/","title":{"rendered":"Echipa Occur"},"content":{"rendered":"\t\t<div data-elementor-type=\"wp-page\" data-elementor-id=\"3179\" class=\"elementor elementor-3179 elementor-1285\" data-elementor-post-type=\"page\">\n\t\t\t\t<div data-ha-partstyle=\"nasa\" data-ha-partcolor=\"\" data-ha-partopacity=\"\" data-ha-partdirection=\"bottom\" class=\"elementor-element elementor-element-6d2e7d4 ha-particle-yes e-flex e-con-boxed ha-particle-adv-no e-con e-parent\" data-id=\"6d2e7d4\" data-element_type=\"container\" data-settings=\"{&quot;background_background&quot;:&quot;classic&quot;}\">\n\t\t\t\t\t<div class=\"e-con-inner\">\n\t\t\t\t<div class=\"elementor-element elementor-element-2e5a420 elementor-widget elementor-widget-heading\" data-id=\"2e5a420\" data-element_type=\"widget\" data-widget_type=\"heading.default\">\n\t\t\t\t\t<h2 class=\"elementor-heading-title elementor-size-default\">Echipa Occur<\/h2>\t\t\t\t<\/div>\n\t\t\t\t\t<\/div>\n\t\t\t\t<\/div>\n\t\t<div class=\"elementor-element elementor-element-7f68c24 e-flex e-con-boxed e-con e-parent\" data-id=\"7f68c24\" data-element_type=\"container\">\n\t\t\t\t\t<div class=\"e-con-inner\">\n\t\t\t\t<div class=\"elementor-element elementor-element-d3ea63b elementor-invisible elementor-widget elementor-widget-heading\" data-id=\"d3ea63b\" data-element_type=\"widget\" data-settings=\"{&quot;_animation&quot;:&quot;fadeIn&quot;}\" data-widget_type=\"heading.default\">\n\t\t\t\t\t<span class=\"elementor-heading-title elementor-size-default\">Face\u021bi cuno\u0219tin\u021b\u0103 cu echipa<\/span>\t\t\t\t<\/div>\n\t\t\t\t<div class=\"elementor-element elementor-element-0257935 elementor-widget-divider--view-line elementor-widget elementor-widget-divider\" data-id=\"0257935\" data-element_type=\"widget\" data-widget_type=\"divider.default\">\n\t\t\t\t\t\t\t<div class=\"elementor-divider\">\n\t\t\t<span class=\"elementor-divider-separator\">\n\t\t\t\t\t\t<\/span>\n\t\t<\/div>\n\t\t\t\t\t\t<\/div>\n\t\t\t\t\t<\/div>\n\t\t\t\t<\/div>\n\t\t<div class=\"elementor-element elementor-element-f2c5adf e-grid e-con-boxed e-con e-parent\" data-id=\"f2c5adf\" data-element_type=\"container\">\n\t\t\t\t\t<div class=\"e-con-inner\">\n\t\t\t\t<div class=\"elementor-element elementor-element-2517a94 elementor-widget elementor-widget-ha-member happy-addon ha-member\" data-id=\"2517a94\" data-element_type=\"widget\" data-widget_type=\"ha-member.default\">\n\t\t\t\t\t\n\t\t\t\t\t<figure class=\"ha-member-figure\">\n\t\t\t\t<img fetchpriority=\"high\" decoding=\"async\" width=\"300\" height=\"300\" src=\"https:\/\/occurtrial.co.uk\/wp-content\/uploads\/2025\/10\/Mark-Lambie.jpg\" class=\"elementor-animation-disable-animation attachment-medium size-medium wp-image-1909\" alt=\"\" srcset=\"https:\/\/occurtrial.co.uk\/wp-content\/uploads\/2025\/10\/Mark-Lambie.jpg 300w, https:\/\/occurtrial.co.uk\/wp-content\/uploads\/2025\/10\/Mark-Lambie-150x150.jpg 150w\" sizes=\"(max-width: 300px) 100vw, 300px\" \/>\t\t\t<\/figure>\n\t\t\n\t\t<div class=\"ha-member-body\">\n\t\t\t<h2 class=\"ha-member-name\">Dr. Mark Lambie<\/h2>\n\t\t\t\t\t\t\t<div class=\"ha-member-position\">Investigator principal \u0219i lector universitar superior \u00een medicin\u0103 renal\u0103, nefrolog consultant onorific UHNM<\/div>\n\t\t\t\n\t\t\t\n\t\t\t\n\t\t\t\n\t\t\t\t\t<\/div>\n\t\t\t\t\t\t<\/div>\n\t\t\t\t<div class=\"elementor-element elementor-element-f4c2f4b elementor-widget elementor-widget-ha-member happy-addon ha-member\" data-id=\"f4c2f4b\" data-element_type=\"widget\" data-widget_type=\"ha-member.default\">\n\t\t\t\t\t\n\t\t\t\t\t<figure class=\"ha-member-figure\">\n\t\t\t\t<img decoding=\"async\" width=\"300\" height=\"300\" src=\"https:\/\/occurtrial.co.uk\/wp-content\/uploads\/2025\/10\/Emma-Healey.jpg\" class=\"elementor-animation-disable-animation attachment-medium size-medium wp-image-1901\" alt=\"\" srcset=\"https:\/\/occurtrial.co.uk\/wp-content\/uploads\/2025\/10\/Emma-Healey.jpg 300w, https:\/\/occurtrial.co.uk\/wp-content\/uploads\/2025\/10\/Emma-Healey-150x150.jpg 150w\" sizes=\"(max-width: 300px) 100vw, 300px\" \/>\t\t\t<\/figure>\n\t\t\n\t\t<div class=\"ha-member-body\">\n\t\t\t<h2 class=\"ha-member-name\">Dr. Emma Healey<\/h2>\n\t\t\t\t\t\t\t<div class=\"ha-member-position\">Investigator asociat \u0219i lector \u00een afec\u021biuni de s\u0103n\u0103tate pe termen lung<\/div>\n\t\t\t\n\t\t\t\n\t\t\t\n\t\t\t\n\t\t\t\t\t<\/div>\n\t\t\t\t\t\t<\/div>\n\t\t\t\t<div class=\"elementor-element elementor-element-f888433 elementor-widget elementor-widget-ha-member happy-addon ha-member\" data-id=\"f888433\" data-element_type=\"widget\" data-widget_type=\"ha-member.default\">\n\t\t\t\t\t\n\t\t\t\t\t<figure class=\"ha-member-figure\">\n\t\t\t\t<img decoding=\"async\" width=\"300\" height=\"300\" src=\"https:\/\/occurtrial.co.uk\/wp-content\/uploads\/2025\/10\/Sarah-Lawton.jpg\" class=\"elementor-animation-disable-animation attachment-medium size-medium wp-image-1915\" alt=\"\" srcset=\"https:\/\/occurtrial.co.uk\/wp-content\/uploads\/2025\/10\/Sarah-Lawton.jpg 300w, https:\/\/occurtrial.co.uk\/wp-content\/uploads\/2025\/10\/Sarah-Lawton-150x150.jpg 150w\" sizes=\"(max-width: 300px) 100vw, 300px\" \/>\t\t\t<\/figure>\n\t\t\n\t\t<div class=\"ha-member-body\">\n\t\t\t<h2 class=\"ha-member-name\">Sarah Lawton<\/h2>\n\t\t\t\t\t\t\t<div class=\"ha-member-position\">Manager superior de studiu<\/div>\n\t\t\t\n\t\t\t\n\t\t\t\n\t\t\t\n\t\t\t\t\t<\/div>\n\t\t\t\t\t\t<\/div>\n\t\t\t\t<div class=\"elementor-element elementor-element-ef9d230 elementor-widget elementor-widget-ha-member happy-addon ha-member\" data-id=\"ef9d230\" data-element_type=\"widget\" data-widget_type=\"ha-member.default\">\n\t\t\t\t\t\n\t\t\t\t\t<figure class=\"ha-member-figure\">\n\t\t\t\t<img loading=\"lazy\" decoding=\"async\" width=\"300\" height=\"300\" src=\"https:\/\/occurtrial.co.uk\/wp-content\/uploads\/2025\/10\/Andrea-Cherrington.jpg\" class=\"elementor-animation-disable-animation attachment-medium size-medium wp-image-1891\" alt=\"\" srcset=\"https:\/\/occurtrial.co.uk\/wp-content\/uploads\/2025\/10\/Andrea-Cherrington.jpg 300w, https:\/\/occurtrial.co.uk\/wp-content\/uploads\/2025\/10\/Andrea-Cherrington-150x150.jpg 150w\" sizes=\"(max-width: 300px) 100vw, 300px\" \/>\t\t\t<\/figure>\n\t\t\n\t\t<div class=\"ha-member-body\">\n\t\t\t<h2 class=\"ha-member-name\">Dr. Andrea Cherrington<\/h2>\n\t\t\t\t\t\t\t<div class=\"ha-member-position\">Manager de studiu<\/div>\n\t\t\t\n\t\t\t\n\t\t\t\n\t\t\t\n\t\t\t\t\t<\/div>\n\t\t\t\t\t\t<\/div>\n\t\t\t\t<div class=\"elementor-element elementor-element-3a9ad4c elementor-widget elementor-widget-ha-member happy-addon ha-member\" data-id=\"3a9ad4c\" data-element_type=\"widget\" data-widget_type=\"ha-member.default\">\n\t\t\t\t\t\n\t\t\t\t\t<figure class=\"ha-member-figure\">\n\t\t\t\t<img loading=\"lazy\" decoding=\"async\" width=\"300\" height=\"300\" src=\"https:\/\/occurtrial.co.uk\/wp-content\/uploads\/2025\/10\/Emma-Marshall.jpg\" class=\"elementor-animation-disable-animation attachment-medium size-medium wp-image-1903\" alt=\"\" srcset=\"https:\/\/occurtrial.co.uk\/wp-content\/uploads\/2025\/10\/Emma-Marshall.jpg 300w, https:\/\/occurtrial.co.uk\/wp-content\/uploads\/2025\/10\/Emma-Marshall-150x150.jpg 150w\" sizes=\"(max-width: 300px) 100vw, 300px\" \/>\t\t\t<\/figure>\n\t\t\n\t\t<div class=\"ha-member-body\">\n\t\t\t<h2 class=\"ha-member-name\">Emma Marshall<\/h2>\n\t\t\t\t\t\t\t<div class=\"ha-member-position\">Manager de studiu<\/div>\n\t\t\t\n\t\t\t\n\t\t\t\n\t\t\t\n\t\t\t\t\t<\/div>\n\t\t\t\t\t\t<\/div>\n\t\t\t\t<div class=\"elementor-element elementor-element-9fc78ee elementor-widget elementor-widget-ha-member happy-addon ha-member\" data-id=\"9fc78ee\" data-element_type=\"widget\" data-widget_type=\"ha-member.default\">\n\t\t\t\t\t\n\t\t\t\t\t<figure class=\"ha-member-figure\">\n\t\t\t\t<img loading=\"lazy\" decoding=\"async\" width=\"300\" height=\"300\" src=\"https:\/\/occurtrial.co.uk\/wp-content\/uploads\/2025\/10\/Gemma-Hughes.jpg\" class=\"elementor-animation-disable-animation attachment-medium size-medium wp-image-1905\" alt=\"\" srcset=\"https:\/\/occurtrial.co.uk\/wp-content\/uploads\/2025\/10\/Gemma-Hughes.jpg 300w, https:\/\/occurtrial.co.uk\/wp-content\/uploads\/2025\/10\/Gemma-Hughes-150x150.jpg 150w\" sizes=\"(max-width: 300px) 100vw, 300px\" \/>\t\t\t<\/figure>\n\t\t\n\t\t<div class=\"ha-member-body\">\n\t\t\t<h2 class=\"ha-member-name\">Gemma Hughes<\/h2>\n\t\t\t\t\t\t\t<div class=\"ha-member-position\">Manager de studiu<\/div>\n\t\t\t\n\t\t\t\n\t\t\t\n\t\t\t\n\t\t\t\t\t<\/div>\n\t\t\t\t\t\t<\/div>\n\t\t\t\t\t<\/div>\n\t\t\t\t<\/div>\n\t\t<div class=\"elementor-element elementor-element-cc4c0d0 e-grid e-con-boxed e-con e-parent\" data-id=\"cc4c0d0\" data-element_type=\"container\">\n\t\t\t\t\t<div class=\"e-con-inner\">\n\t\t\t\t<div class=\"elementor-element elementor-element-e56cbf7 elementor-widget elementor-widget-ha-member happy-addon ha-member\" data-id=\"e56cbf7\" data-element_type=\"widget\" data-widget_type=\"ha-member.default\">\n\t\t\t\t\t\n\t\t\t\t\t<figure class=\"ha-member-figure\">\n\t\t\t\t<img loading=\"lazy\" decoding=\"async\" width=\"300\" height=\"300\" src=\"https:\/\/occurtrial.co.uk\/wp-content\/uploads\/2025\/10\/Team-Placeholder.jpg\" class=\"elementor-animation-disable-animation attachment-medium size-medium wp-image-1965\" alt=\"\" srcset=\"https:\/\/occurtrial.co.uk\/wp-content\/uploads\/2025\/10\/Team-Placeholder.jpg 300w, https:\/\/occurtrial.co.uk\/wp-content\/uploads\/2025\/10\/Team-Placeholder-150x150.jpg 150w\" sizes=\"(max-width: 300px) 100vw, 300px\" \/>\t\t\t<\/figure>\n\t\t\n\t\t<div class=\"ha-member-body\">\n\t\t\t<h2 class=\"ha-member-name\">Rachael Heath<\/h2>\n\t\t\t\t\t\t\t<div class=\"ha-member-position\">Administrator principal de studiu<\/div>\n\t\t\t\n\t\t\t\n\t\t\t\n\t\t\t\n\t\t\t\t\t<\/div>\n\t\t\t\t\t\t<\/div>\n\t\t\t\t<div class=\"elementor-element elementor-element-8eee2b4 elementor-widget elementor-widget-ha-member happy-addon ha-member\" data-id=\"8eee2b4\" data-element_type=\"widget\" data-widget_type=\"ha-member.default\">\n\t\t\t\t\t\n\t\t\t\t\t<figure class=\"ha-member-figure\">\n\t\t\t\t<img loading=\"lazy\" decoding=\"async\" width=\"300\" height=\"300\" src=\"https:\/\/occurtrial.co.uk\/wp-content\/uploads\/2025\/10\/Alyn-Martyn.jpg\" class=\"elementor-animation-disable-animation attachment-medium size-medium wp-image-1889\" alt=\"\" srcset=\"https:\/\/occurtrial.co.uk\/wp-content\/uploads\/2025\/10\/Alyn-Martyn.jpg 300w, https:\/\/occurtrial.co.uk\/wp-content\/uploads\/2025\/10\/Alyn-Martyn-150x150.jpg 150w\" sizes=\"(max-width: 300px) 100vw, 300px\" \/>\t\t\t<\/figure>\n\t\t\n\t\t<div class=\"ha-member-body\">\n\t\t\t<h2 class=\"ha-member-name\">Profesor Alyn Martyn Lewis<\/h2>\n\t\t\t\t\t\t\t<div class=\"ha-member-position\">Statistician principal<\/div>\n\t\t\t\n\t\t\t\n\t\t\t\n\t\t\t\n\t\t\t\t\t<\/div>\n\t\t\t\t\t\t<\/div>\n\t\t\t\t<div class=\"elementor-element elementor-element-31dd42b elementor-widget elementor-widget-ha-member happy-addon ha-member\" data-id=\"31dd42b\" data-element_type=\"widget\" data-widget_type=\"ha-member.default\">\n\t\t\t\t\t\n\t\t\t\t\t<figure class=\"ha-member-figure\">\n\t\t\t\t<img loading=\"lazy\" decoding=\"async\" width=\"300\" height=\"300\" src=\"https:\/\/occurtrial.co.uk\/wp-content\/uploads\/2025\/10\/Kieran-Bromley.jpg\" class=\"elementor-animation-disable-animation attachment-medium size-medium wp-image-1907\" alt=\"\" srcset=\"https:\/\/occurtrial.co.uk\/wp-content\/uploads\/2025\/10\/Kieran-Bromley.jpg 300w, https:\/\/occurtrial.co.uk\/wp-content\/uploads\/2025\/10\/Kieran-Bromley-150x150.jpg 150w\" sizes=\"(max-width: 300px) 100vw, 300px\" \/>\t\t\t<\/figure>\n\t\t\n\t\t<div class=\"ha-member-body\">\n\t\t\t<h2 class=\"ha-member-name\">Kieran Bromley <\/h2>\n\t\t\t\t\t\t\t<div class=\"ha-member-position\">Statistician<\/div>\n\t\t\t\n\t\t\t\n\t\t\t\n\t\t\t\n\t\t\t\t\t<\/div>\n\t\t\t\t\t\t<\/div>\n\t\t\t\t<div class=\"elementor-element elementor-element-03c1ab7 elementor-widget elementor-widget-ha-member happy-addon ha-member\" data-id=\"03c1ab7\" data-element_type=\"widget\" data-widget_type=\"ha-member.default\">\n\t\t\t\t\t\n\t\t\t\t\t<figure class=\"ha-member-figure\">\n\t\t\t\t<img loading=\"lazy\" decoding=\"async\" width=\"300\" height=\"300\" src=\"https:\/\/occurtrial.co.uk\/wp-content\/uploads\/2025\/10\/Raymond-Oppong.jpg\" class=\"elementor-animation-disable-animation attachment-medium size-medium wp-image-1913\" alt=\"\" srcset=\"https:\/\/occurtrial.co.uk\/wp-content\/uploads\/2025\/10\/Raymond-Oppong.jpg 300w, https:\/\/occurtrial.co.uk\/wp-content\/uploads\/2025\/10\/Raymond-Oppong-150x150.jpg 150w\" sizes=\"(max-width: 300px) 100vw, 300px\" \/>\t\t\t<\/figure>\n\t\t\n\t\t<div class=\"ha-member-body\">\n\t\t\t<h2 class=\"ha-member-name\">Dr. Raymond Oppong<\/h2>\n\t\t\t\t\t\t\t<div class=\"ha-member-position\"> Economist \u00een domeniul s\u0103n\u0103t\u0103\u021bii. Profesor asociat \u00een economie sanitar\u0103, Universitatea din Birmingham <\/div>\n\t\t\t\n\t\t\t\n\t\t\t\n\t\t\t\n\t\t\t\t\t<\/div>\n\t\t\t\t\t\t<\/div>\n\t\t\t\t<div class=\"elementor-element elementor-element-a382cb2 elementor-widget elementor-widget-ha-member happy-addon ha-member\" data-id=\"a382cb2\" data-element_type=\"widget\" data-widget_type=\"ha-member.default\">\n\t\t\t\t\t\n\t\t\t\t\t<figure class=\"ha-member-figure\">\n\t\t\t\t<img loading=\"lazy\" decoding=\"async\" width=\"300\" height=\"300\" src=\"https:\/\/occurtrial.co.uk\/wp-content\/uploads\/2025\/10\/Team-Placeholder.jpg\" class=\"elementor-animation-disable-animation attachment-medium size-medium wp-image-1965\" alt=\"\" srcset=\"https:\/\/occurtrial.co.uk\/wp-content\/uploads\/2025\/10\/Team-Placeholder.jpg 300w, https:\/\/occurtrial.co.uk\/wp-content\/uploads\/2025\/10\/Team-Placeholder-150x150.jpg 150w\" sizes=\"(max-width: 300px) 100vw, 300px\" \/>\t\t\t<\/figure>\n\t\t\n\t\t<div class=\"ha-member-body\">\n\t\t\t<h2 class=\"ha-member-name\">Seeba Matthew<\/h2>\n\t\t\t\t\t\t\t<div class=\"ha-member-position\">Farmacist de studiu. Farmacist avansat, Midlands Partnership University NHS Foundation Trust <\/div>\n\t\t\t\n\t\t\t\n\t\t\t\n\t\t\t\n\t\t\t\t\t<\/div>\n\t\t\t\t\t\t<\/div>\n\t\t\t\t\t<\/div>\n\t\t\t\t<\/div>\n\t\t<div class=\"elementor-element elementor-element-6f0aa2b e-flex e-con-boxed e-con e-parent\" data-id=\"6f0aa2b\" data-element_type=\"container\">\n\t\t\t\t\t<div class=\"e-con-inner\">\n\t\t\t\t<div class=\"elementor-element elementor-element-bf83f09 elementor-invisible elementor-widget elementor-widget-heading\" data-id=\"bf83f09\" data-element_type=\"widget\" data-settings=\"{&quot;_animation&quot;:&quot;fadeIn&quot;}\" data-widget_type=\"heading.default\">\n\t\t\t\t\t<span class=\"elementor-heading-title elementor-size-default\">Contribuitori cheie<\/span>\t\t\t\t<\/div>\n\t\t\t\t<div class=\"elementor-element elementor-element-75216f4 elementor-widget-divider--view-line elementor-widget elementor-widget-divider\" data-id=\"75216f4\" data-element_type=\"widget\" data-widget_type=\"divider.default\">\n\t\t\t\t\t\t\t<div class=\"elementor-divider\">\n\t\t\t<span class=\"elementor-divider-separator\">\n\t\t\t\t\t\t<\/span>\n\t\t<\/div>\n\t\t\t\t\t\t<\/div>\n\t\t\t\t\t<\/div>\n\t\t\t\t<\/div>\n\t\t<div class=\"elementor-element elementor-element-6f3ba35 e-grid e-con-boxed e-con e-parent\" data-id=\"6f3ba35\" data-element_type=\"container\">\n\t\t\t\t\t<div class=\"e-con-inner\">\n\t\t\t\t<div class=\"elementor-element elementor-element-35f9a7d elementor-widget elementor-widget-ha-member happy-addon ha-member\" data-id=\"35f9a7d\" data-element_type=\"widget\" data-widget_type=\"ha-member.default\">\n\t\t\t\t\t\n\t\t\t\t\t<figure class=\"ha-member-figure\">\n\t\t\t\t<img loading=\"lazy\" decoding=\"async\" width=\"300\" height=\"300\" src=\"https:\/\/occurtrial.co.uk\/wp-content\/uploads\/2025\/10\/Ed-Roddy.jpg\" class=\"elementor-animation-disable-animation attachment-medium size-medium wp-image-1899\" alt=\"\" srcset=\"https:\/\/occurtrial.co.uk\/wp-content\/uploads\/2025\/10\/Ed-Roddy.jpg 300w, https:\/\/occurtrial.co.uk\/wp-content\/uploads\/2025\/10\/Ed-Roddy-150x150.jpg 150w\" sizes=\"(max-width: 300px) 100vw, 300px\" \/>\t\t\t<\/figure>\n\t\t\n\t\t<div class=\"ha-member-body\">\n\t\t\t<h2 class=\"ha-member-name\">Profesor Ed Roddy<\/h2>\n\t\t\t\t\t\t\t<div class=\"ha-member-position\">Profesor de reumatologie\/Reumatolog consultant Haywood Hospital Midlands Partnership University NHS Foundation Trust <\/div>\n\t\t\t\n\t\t\t\n\t\t\t\n\t\t\t\n\t\t\t\t\t<\/div>\n\t\t\t\t\t\t<\/div>\n\t\t\t\t<div class=\"elementor-element elementor-element-bfdba3c elementor-widget elementor-widget-ha-member happy-addon ha-member\" data-id=\"bfdba3c\" data-element_type=\"widget\" data-widget_type=\"ha-member.default\">\n\t\t\t\t\t\n\t\t\t\t\t<figure class=\"ha-member-figure\">\n\t\t\t\t<img loading=\"lazy\" decoding=\"async\" width=\"300\" height=\"300\" src=\"https:\/\/occurtrial.co.uk\/wp-content\/uploads\/2026\/01\/Abishek.jpg\" class=\"elementor-animation-disable-animation attachment-medium size-medium wp-image-2603\" alt=\"\" srcset=\"https:\/\/occurtrial.co.uk\/wp-content\/uploads\/2026\/01\/Abishek.jpg 300w, https:\/\/occurtrial.co.uk\/wp-content\/uploads\/2026\/01\/Abishek-150x150.jpg 150w\" sizes=\"(max-width: 300px) 100vw, 300px\" \/>\t\t\t<\/figure>\n\t\t\n\t\t<div class=\"ha-member-body\">\n\t\t\t<h2 class=\"ha-member-name\">Profesor Abishek Abishek<\/h2>\n\t\t\t\t\t\t\t<div class=\"ha-member-position\">Profesor de reumatologie, Facultatea de Medicin\u0103 \u0219i \u0218tiin\u021be ale S\u0103n\u0103t\u0103\u021bii, Universitatea din Nottingham<\/div>\n\t\t\t\n\t\t\t\n\t\t\t\n\t\t\t\n\t\t\t\t\t<\/div>\n\t\t\t\t\t\t<\/div>\n\t\t\t\t<div class=\"elementor-element elementor-element-e09c60d elementor-widget elementor-widget-ha-member happy-addon ha-member\" data-id=\"e09c60d\" data-element_type=\"widget\" data-widget_type=\"ha-member.default\">\n\t\t\t\t\t\n\t\t\t\t\t<figure class=\"ha-member-figure\">\n\t\t\t\t<img loading=\"lazy\" decoding=\"async\" width=\"300\" height=\"300\" src=\"https:\/\/occurtrial.co.uk\/wp-content\/uploads\/2026\/01\/Paul.jpg\" class=\"elementor-animation-disable-animation attachment-medium size-medium wp-image-2601\" alt=\"\" srcset=\"https:\/\/occurtrial.co.uk\/wp-content\/uploads\/2026\/01\/Paul.jpg 300w, https:\/\/occurtrial.co.uk\/wp-content\/uploads\/2026\/01\/Paul-150x150.jpg 150w\" sizes=\"(max-width: 300px) 100vw, 300px\" \/>\t\t\t<\/figure>\n\t\t\n\t\t<div class=\"ha-member-body\">\n\t\t\t<h2 class=\"ha-member-name\">Profesor Paul Little<\/h2>\n\t\t\t\t\t\t\t<div class=\"ha-member-position\">Profesor \u00een cercetare \u00een asisten\u021ba medical\u0103 primar\u0103, Universitatea din Southampton<\/div>\n\t\t\t\n\t\t\t\n\t\t\t\n\t\t\t\n\t\t\t\t\t<\/div>\n\t\t\t\t\t\t<\/div>\n\t\t\t\t<div class=\"elementor-element elementor-element-6d97aa6 elementor-widget elementor-widget-ha-member happy-addon ha-member\" data-id=\"6d97aa6\" data-element_type=\"widget\" data-widget_type=\"ha-member.default\">\n\t\t\t\t\t\n\t\t\t\t\t<figure class=\"ha-member-figure\">\n\t\t\t\t<img loading=\"lazy\" decoding=\"async\" width=\"300\" height=\"300\" src=\"https:\/\/occurtrial.co.uk\/wp-content\/uploads\/2025\/10\/Mirium-Santer.jpg\" class=\"elementor-animation-disable-animation attachment-medium size-medium wp-image-1911\" alt=\"\" srcset=\"https:\/\/occurtrial.co.uk\/wp-content\/uploads\/2025\/10\/Mirium-Santer.jpg 300w, https:\/\/occurtrial.co.uk\/wp-content\/uploads\/2025\/10\/Mirium-Santer-150x150.jpg 150w\" sizes=\"(max-width: 300px) 100vw, 300px\" \/>\t\t\t<\/figure>\n\t\t\n\t\t<div class=\"ha-member-body\">\n\t\t\t<h2 class=\"ha-member-name\">Profesor Miriam Santer<\/h2>\n\t\t\t\t\t\t\t<div class=\"ha-member-position\">Profesor de cercetare \u00een asisten\u021ba medical\u0103 primar\u0103, Universitatea din Southampton<\/div>\n\t\t\t\n\t\t\t\n\t\t\t\n\t\t\t\n\t\t\t\t\t<\/div>\n\t\t\t\t\t\t<\/div>\n\t\t\t\t<div class=\"elementor-element elementor-element-7eea15e elementor-widget elementor-widget-ha-member happy-addon ha-member\" data-id=\"7eea15e\" data-element_type=\"widget\" data-widget_type=\"ha-member.default\">\n\t\t\t\t\t\n\t\t\t\t\t<figure class=\"ha-member-figure\">\n\t\t\t\t<img loading=\"lazy\" decoding=\"async\" width=\"300\" height=\"300\" src=\"https:\/\/occurtrial.co.uk\/wp-content\/uploads\/2025\/10\/Christian-Mallen.jpg\" class=\"elementor-animation-disable-animation attachment-medium size-medium wp-image-1897\" alt=\"\" srcset=\"https:\/\/occurtrial.co.uk\/wp-content\/uploads\/2025\/10\/Christian-Mallen.jpg 300w, https:\/\/occurtrial.co.uk\/wp-content\/uploads\/2025\/10\/Christian-Mallen-150x150.jpg 150w\" sizes=\"(max-width: 300px) 100vw, 300px\" \/>\t\t\t<\/figure>\n\t\t\n\t\t<div class=\"ha-member-body\">\n\t\t\t<h2 class=\"ha-member-name\">Profesor Christian Mallen<\/h2>\n\t\t\t\t\t\t\t<div class=\"ha-member-position\">Decan executiv al Facult\u0103\u021bii de Medicin\u0103 \u0219i \u0218tiin\u021be ale S\u0103n\u0103t\u0103\u021bii, Profesor de medicin\u0103 general\u0103 \u0219i s\u0103n\u0103tate public\u0103, Universitatea Keele <\/div>\n\t\t\t\n\t\t\t\n\t\t\t\n\t\t\t\n\t\t\t\t\t<\/div>\n\t\t\t\t\t\t<\/div>\n\t\t\t\t<div class=\"elementor-element elementor-element-a884a37 elementor-widget elementor-widget-ha-member happy-addon ha-member\" data-id=\"a884a37\" data-element_type=\"widget\" data-widget_type=\"ha-member.default\">\n\t\t\t\t\t\n\t\t\t\t\t<figure class=\"ha-member-figure\">\n\t\t\t\t<img loading=\"lazy\" decoding=\"async\" width=\"300\" height=\"300\" src=\"https:\/\/occurtrial.co.uk\/wp-content\/uploads\/2025\/10\/Caroline-Mitchell.jpg\" class=\"elementor-animation-disable-animation attachment-medium size-medium wp-image-1895\" alt=\"\" srcset=\"https:\/\/occurtrial.co.uk\/wp-content\/uploads\/2025\/10\/Caroline-Mitchell.jpg 300w, https:\/\/occurtrial.co.uk\/wp-content\/uploads\/2025\/10\/Caroline-Mitchell-150x150.jpg 150w\" sizes=\"(max-width: 300px) 100vw, 300px\" \/>\t\t\t<\/figure>\n\t\t\n\t\t<div class=\"ha-member-body\">\n\t\t\t<h2 class=\"ha-member-name\">Profesor Caroline Mitchell<\/h2>\n\t\t\t\t\t\t\t<div class=\"ha-member-position\">Profesor de medicin\u0103 general\u0103, Universitatea Keele <\/div>\n\t\t\t\n\t\t\t\n\t\t\t\n\t\t\t\n\t\t\t\t\t<\/div>\n\t\t\t\t\t\t<\/div>\n\t\t\t\t\t<\/div>\n\t\t\t\t<\/div>\n\t\t\t\t<\/div>\n\t\t","protected":false},"excerpt":{"rendered":"<p>Echipa Occur Face\u021bi cuno\u0219tin\u021b\u0103 cu echipa Dr. Mark Lambie Investigator principal \u0219i lector universitar superior \u00een medicin\u0103 renal\u0103, nefrolog consultant onorific UHNM Dr. Emma Healey Investigator asociat \u0219i lector \u00een afec\u021biuni de s\u0103n\u0103tate pe termen lung Sarah Lawton Manager superior de studiu Dr. Andrea Cherrington Manager de studiu Emma Marshall Manager de studiu Gemma Hughes [&hellip;]<\/p>\n","protected":false},"author":1,"featured_media":0,"parent":0,"menu_order":0,"comment_status":"closed","ping_status":"closed","template":"","meta":{"_monsterinsights_skip_tracking":false,"_monsterinsights_sitenote_active":false,"_monsterinsights_sitenote_note":"","_monsterinsights_sitenote_category":0,"_uf_show_specific_survey":0,"_uf_disable_surveys":false,"footnotes":""},"class_list":["post-3179","page","type-page","status-publish","hentry"],"aioseo_notices":[],"_links":{"self":[{"href":"https:\/\/occurtrial.co.uk\/ro\/wp-json\/wp\/v2\/pages\/3179","targetHints":{"allow":["GET"]}}],"collection":[{"href":"https:\/\/occurtrial.co.uk\/ro\/wp-json\/wp\/v2\/pages"}],"about":[{"href":"https:\/\/occurtrial.co.uk\/ro\/wp-json\/wp\/v2\/types\/page"}],"author":[{"embeddable":true,"href":"https:\/\/occurtrial.co.uk\/ro\/wp-json\/wp\/v2\/users\/1"}],"replies":[{"embeddable":true,"href":"https:\/\/occurtrial.co.uk\/ro\/wp-json\/wp\/v2\/comments?post=3179"}],"version-history":[{"count":3,"href":"https:\/\/occurtrial.co.uk\/ro\/wp-json\/wp\/v2\/pages\/3179\/revisions"}],"predecessor-version":[{"id":3415,"href":"https:\/\/occurtrial.co.uk\/ro\/wp-json\/wp\/v2\/pages\/3179\/revisions\/3415"}],"wp:attachment":[{"href":"https:\/\/occurtrial.co.uk\/ro\/wp-json\/wp\/v2\/media?parent=3179"}],"curies":[{"name":"wp","href":"https:\/\/api.w.org\/{rel}","templated":true}]}}