{"id":3115,"date":"2025-09-19T11:12:19","date_gmt":"2025-09-19T11:12:19","guid":{"rendered":"https:\/\/occurtrial.co.uk\/pacienti-si-public\/"},"modified":"2026-01-27T11:56:20","modified_gmt":"2026-01-27T11:56:20","slug":"pacienti-si-public","status":"publish","type":"page","link":"https:\/\/occurtrial.co.uk\/ro\/pacienti-si-public\/","title":{"rendered":"Pacien\u021bi \u0219i public"},"content":{"rendered":"\t\t<div data-elementor-type=\"wp-page\" data-elementor-id=\"3115\" class=\"elementor elementor-3115 elementor-1281\" data-elementor-post-type=\"page\">\n\t\t\t\t<div data-ha-partstyle=\"nasa\" data-ha-partcolor=\"\" data-ha-partopacity=\"\" data-ha-partdirection=\"bottom\" class=\"elementor-element elementor-element-818801f ha-particle-yes e-flex e-con-boxed ha-particle-adv-no e-con e-parent\" data-id=\"818801f\" data-element_type=\"container\" data-settings=\"{&quot;background_background&quot;:&quot;classic&quot;}\">\n\t\t\t\t\t<div class=\"e-con-inner\">\n\t\t\t\t<div class=\"elementor-element elementor-element-14d3ebb elementor-widget elementor-widget-heading\" data-id=\"14d3ebb\" data-element_type=\"widget\" data-widget_type=\"heading.default\">\n\t\t\t\t\t<h2 class=\"elementor-heading-title elementor-size-default\">Implicarea pacien\u021bilor \u0219i a publicului <\/h2>\t\t\t\t<\/div>\n\t\t\t\t\t<\/div>\n\t\t\t\t<\/div>\n\t\t<div class=\"elementor-element elementor-element-34a976f e-flex e-con-boxed e-con e-parent\" data-id=\"34a976f\" data-element_type=\"container\">\n\t\t\t\t\t<div class=\"e-con-inner\">\n\t\t\t\t<div class=\"elementor-element elementor-element-fdc9e72 elementor-invisible elementor-widget elementor-widget-heading\" data-id=\"fdc9e72\" data-element_type=\"widget\" data-settings=\"{&quot;_animation&quot;:&quot;fadeIn&quot;}\" data-widget_type=\"heading.default\">\n\t\t\t\t\t<span class=\"elementor-heading-title elementor-size-default\">Ce este implicarea pacien\u021bilor \u0219i a publicului?<\/span>\t\t\t\t<\/div>\n\t\t\t\t<div class=\"elementor-element elementor-element-eb63c24 elementor-widget-divider--view-line elementor-widget elementor-widget-divider\" data-id=\"eb63c24\" data-element_type=\"widget\" data-widget_type=\"divider.default\">\n\t\t\t\t\t\t\t<div class=\"elementor-divider\">\n\t\t\t<span class=\"elementor-divider-separator\">\n\t\t\t\t\t\t<\/span>\n\t\t<\/div>\n\t\t\t\t\t\t<\/div>\n\t\t\t\t<div class=\"elementor-element elementor-element-b2ab959 elementor-widget elementor-widget-text-editor\" data-id=\"b2ab959\" data-element_type=\"widget\" data-widget_type=\"text-editor.default\">\n\t\t\t\t\t\t\t\t\t<p>Implicarea pacien\u021bilor \u0219i a publicului (PPI) \u00een cercetare este cercetarea efectuat\u0103 <strong>cu<\/strong> sau de c\u0103tre pacien\u021bi sau membri ai publicului, mai degrab\u0103 dec\u00e2t <strong>pentru<\/strong>, <strong>despre<\/strong> sau <strong>pentru<\/strong> ei. Acest lucru asigur\u0103 faptul c\u0103 cercetarea este realizat\u0103 cu \u0219i pentru toat\u0103 lumea. <\/p><p>Prin implicarea pacien\u021bilor \u0219i a publicului \u00een proiectarea, desf\u0103\u0219urarea \u0219i publicarea studiilor, studiile de cercetare sunt mai relevante, acceptabile \u0219i accesibile poten\u021bialilor participan\u021bi. Acest lucru ajut\u0103 la identificarea problemelor cele mai importante \u0219i relevante pentru cei afecta\u021bi direct de anumite afec\u021biuni \u0219i de tratamentele acestora. <\/p><p>Pute\u021bi afla mai multe informa\u021bii despre PPIE acces\u00e2nd urm\u0103toarele linkuri:<\/p><p><span style=\"text-decoration: underline;\"><a href=\"https:\/\/www.google.com\/url?q=https%3A%2F%2Fwww.nihr.ac.uk%2Fpatients-carers-and-the-public%2Fi-want-to-help-with-research%2F&amp;sa=D&amp;sntz=1&amp;usg=AOvVaw2aK1FcCMrMJAYyN8WUHmJX\" target=\"_blank\" rel=\"noopener\">https:\/\/www.nihr.ac.uk\/patients-carers-and-the-public\/i-want-to-help-with-research\/<\/a><\/span><\/p><p><a href=\"https:\/\/bepartofresearch.nihr.ac.uk\/campaigns\/be-part-of-research-2024\/\" target=\"_blank\" rel=\"noopener\"><u>https:\/\/bepartofresearch.nihr.ac.uk\/campaigns\/be-part-of-research-2024\/<\/u><\/a><\/p>\t\t\t\t\t\t\t\t<\/div>\n\t\t\t\t\t<\/div>\n\t\t\t\t<\/div>\n\t\t<div class=\"elementor-element elementor-element-1eca5a9 e-flex e-con-boxed e-con e-parent\" data-id=\"1eca5a9\" data-element_type=\"container\">\n\t\t\t\t\t<div class=\"e-con-inner\">\n\t\t\t\t<div class=\"elementor-element elementor-element-33ceed3 elementor-invisible elementor-widget elementor-widget-heading\" data-id=\"33ceed3\" data-element_type=\"widget\" data-settings=\"{&quot;_animation&quot;:&quot;fadeIn&quot;}\" data-widget_type=\"heading.default\">\n\t\t\t\t\t<span class=\"elementor-heading-title elementor-size-default\">Cum a contribuit PPI la modelarea studiului OCCUR?<\/span>\t\t\t\t<\/div>\n\t\t\t\t<div class=\"elementor-element elementor-element-534894f elementor-widget-divider--view-line elementor-widget elementor-widget-divider\" data-id=\"534894f\" data-element_type=\"widget\" data-widget_type=\"divider.default\">\n\t\t\t\t\t\t\t<div class=\"elementor-divider\">\n\t\t\t<span class=\"elementor-divider-separator\">\n\t\t\t\t\t\t<\/span>\n\t\t<\/div>\n\t\t\t\t\t\t<\/div>\n\t\t\t\t<div class=\"elementor-element elementor-element-c6669f4 elementor-widget elementor-widget-text-editor\" data-id=\"c6669f4\" data-element_type=\"widget\" data-widget_type=\"text-editor.default\">\n\t\t\t\t\t\t\t\t\t<p>Implicarea \u0219i angajamentul pacien\u021bilor \u0219i a publicului (PPIE) PPIE a fost inclus \u00een toate etapele cererii noastre de finan\u021bare. Co-solicitan\u021bii no\u0219tri laici \u0219i membrii grupului nostru PPIE consider\u0103 c\u0103 studiul este important, au contribuit la proiectarea studiului \u0219i au scris \u00eempreun\u0103 acest rezumat \u00een limbaj simplu. Am organizat dou\u0103 \u00eent\u00e2lniri ale grupului PPIE cu nou\u0103 persoane cu experien\u021b\u0103 direct\u0103 a puseelor de gut\u0103 din West Midlands, East Midlands \u0219i nord-vestul Angliei. Ace\u0219tia ne-au ajutat s\u0103 decidem rezultatele, c\u00e2nd ar trebui colectate rezultatele \u0219i c\u00e2t timp ar trebui s\u0103 dureze urm\u0103rirea. Conduc\u0103torul nostru PPIE va sprijini toate activit\u0103\u021bile PPIE pe parcursul studiului. \u00cen timpul studiului, \u00eent\u00e2lnirile echipei noastre de studiu \u0219i \u00eent\u00e2lnirile grupului consultativ extern vor include contribuitori publici. Ace\u0219tia vor fi implica\u021bi \u00een toate etapele cercet\u0103rii, inclusiv \u00een asistarea cu cererea noastr\u0103 de etic\u0103, ajut\u00e2ndu-ne s\u0103 \u00een\u021belegem rezultatele, scriind mesaje u\u0219or de \u00een\u021beles pentru a explica descoperirile \u0219i sf\u0103tuindu-ne cu privire la modul de a face publice pe scar\u0103 larg\u0103 descoperirile.      <\/p>\t\t\t\t\t\t\t\t<\/div>\n\t\t\t\t\t<\/div>\n\t\t\t\t<\/div>\n\t\t<div class=\"elementor-element elementor-element-e14b996 e-flex e-con-boxed e-con e-parent\" data-id=\"e14b996\" data-element_type=\"container\">\n\t\t\t\t\t<div class=\"e-con-inner\">\n\t\t\t\t<div class=\"elementor-element elementor-element-29167cb elementor-invisible elementor-widget elementor-widget-heading\" data-id=\"29167cb\" data-element_type=\"widget\" data-settings=\"{&quot;_animation&quot;:&quot;fadeIn&quot;}\" data-widget_type=\"heading.default\">\n\t\t\t\t\t<span class=\"elementor-heading-title elementor-size-default\">Cum m\u0103 pot implica \u00een PPI? <\/span>\t\t\t\t<\/div>\n\t\t\t\t<div class=\"elementor-element elementor-element-8f64008 elementor-widget-divider--view-line elementor-widget elementor-widget-divider\" data-id=\"8f64008\" data-element_type=\"widget\" data-widget_type=\"divider.default\">\n\t\t\t\t\t\t\t<div class=\"elementor-divider\">\n\t\t\t<span class=\"elementor-divider-separator\">\n\t\t\t\t\t\t<\/span>\n\t\t<\/div>\n\t\t\t\t\t\t<\/div>\n\t\t\t\t<div class=\"elementor-element elementor-element-a2c7ce0 elementor-widget elementor-widget-text-editor\" data-id=\"a2c7ce0\" data-element_type=\"widget\" data-widget_type=\"text-editor.default\">\n\t\t\t\t\t\t\t\t\t<p>Oricine poate deveni membru al unui grup PPIE \u0219i poate oferi feedback valoros cu privire la toate aspectele legate de modul \u00een care sunt conduse studiile noastre; de la modul \u00een care sunt proiectate studiile noastre, p\u00e2n\u0103 la c\u00e2t de mult le solicit\u0103 studiul participan\u021bilor \u0219i dac\u0103 prospectele cu informa\u021bii pentru pacien\u021bi, formularele de consim\u021b\u0103m\u00e2nt \u0219i chestionarele sunt u\u0219or de \u00een\u021beles, ca s\u0103 numim doar c\u00e2teva!<\/p><p>Dac\u0103 dori\u021bi s\u0103 v\u0103 spune\u021bi p\u0103rerea \u0219i s\u0103 face\u021bi o diferen\u021b\u0103, v\u0103 rug\u0103m s\u0103 contacta\u021bi Unitatea de Studii Clinice a Universit\u0103\u021bii Keele fie prin telefon, e-mail sau re\u021bele sociale:<\/p><p>Telefon: 01782 732950<\/p><p>E-mail: <a href=\"mailto:ctu.inspire@keele.ac.uk\">ctu.inspire@keele.ac.uk<\/a><\/p>\t\t\t\t\t\t\t\t<\/div>\n\t\t\t\t\t<\/div>\n\t\t\t\t<\/div>\n\t\t<div class=\"elementor-element elementor-element-d464c22 e-flex e-con-boxed e-con e-parent\" data-id=\"d464c22\" data-element_type=\"container\">\n\t\t\t\t\t<div class=\"e-con-inner\">\n\t\t\t\t<div class=\"elementor-element elementor-element-e6938a3 elementor-shape-rounded elementor-grid-0 e-grid-align-center elementor-widget elementor-widget-social-icons\" data-id=\"e6938a3\" data-element_type=\"widget\" data-widget_type=\"social-icons.default\">\n\t\t\t\t\t\t\t<div class=\"elementor-social-icons-wrapper elementor-grid\" role=\"list\">\n\t\t\t\t\t\t\t<span class=\"elementor-grid-item\" role=\"listitem\">\n\t\t\t\t\t<a class=\"elementor-icon elementor-social-icon elementor-social-icon-facebook elementor-repeater-item-65253b8\" href=\"https:\/\/www.facebook.com\/KeeleCTU\" target=\"_blank\">\n\t\t\t\t\t\t<span class=\"elementor-screen-only\">Facebook<\/span>\n\t\t\t\t\t\t<svg aria-hidden=\"true\" class=\"e-font-icon-svg e-fab-facebook\" viewBox=\"0 0 512 512\" xmlns=\"http:\/\/www.w3.org\/2000\/svg\"><path d=\"M504 256C504 119 393 8 256 8S8 119 8 256c0 123.78 90.69 226.38 209.25 245V327.69h-63V256h63v-54.64c0-62.15 37-96.48 93.67-96.48 27.14 0 55.52 4.84 55.52 4.84v61h-31.28c-30.8 0-40.41 19.12-40.41 38.73V256h68.78l-11 71.69h-57.78V501C413.31 482.38 504 379.78 504 256z\"><\/path><\/svg>\t\t\t\t\t<\/a>\n\t\t\t\t<\/span>\n\t\t\t\t\t\t\t<span class=\"elementor-grid-item\" role=\"listitem\">\n\t\t\t\t\t<a class=\"elementor-icon elementor-social-icon elementor-social-icon-instagram elementor-repeater-item-5f7e097\" href=\"https:\/\/www.instagram.com\/keele_ctu\/\" target=\"_blank\">\n\t\t\t\t\t\t<span class=\"elementor-screen-only\">Instagram<\/span>\n\t\t\t\t\t\t<svg aria-hidden=\"true\" class=\"e-font-icon-svg e-fab-instagram\" viewBox=\"0 0 448 512\" xmlns=\"http:\/\/www.w3.org\/2000\/svg\"><path d=\"M224.1 141c-63.6 0-114.9 51.3-114.9 114.9s51.3 114.9 114.9 114.9S339 319.5 339 255.9 287.7 141 224.1 141zm0 189.6c-41.1 0-74.7-33.5-74.7-74.7s33.5-74.7 74.7-74.7 74.7 33.5 74.7 74.7-33.6 74.7-74.7 74.7zm146.4-194.3c0 14.9-12 26.8-26.8 26.8-14.9 0-26.8-12-26.8-26.8s12-26.8 26.8-26.8 26.8 12 26.8 26.8zm76.1 27.2c-1.7-35.9-9.9-67.7-36.2-93.9-26.2-26.2-58-34.4-93.9-36.2-37-2.1-147.9-2.1-184.9 0-35.8 1.7-67.6 9.9-93.9 36.1s-34.4 58-36.2 93.9c-2.1 37-2.1 147.9 0 184.9 1.7 35.9 9.9 67.7 36.2 93.9s58 34.4 93.9 36.2c37 2.1 147.9 2.1 184.9 0 35.9-1.7 67.7-9.9 93.9-36.2 26.2-26.2 34.4-58 36.2-93.9 2.1-37 2.1-147.8 0-184.8zM398.8 388c-7.8 19.6-22.9 34.7-42.6 42.6-29.5 11.7-99.5 9-132.1 9s-102.7 2.6-132.1-9c-19.6-7.8-34.7-22.9-42.6-42.6-11.7-29.5-9-99.5-9-132.1s-2.6-102.7 9-132.1c7.8-19.6 22.9-34.7 42.6-42.6 29.5-11.7 99.5-9 132.1-9s102.7-2.6 132.1 9c19.6 7.8 34.7 22.9 42.6 42.6 11.7 29.5 9 99.5 9 132.1s2.7 102.7-9 132.1z\"><\/path><\/svg>\t\t\t\t\t<\/a>\n\t\t\t\t<\/span>\n\t\t\t\t\t\t\t<span class=\"elementor-grid-item\" role=\"listitem\">\n\t\t\t\t\t<a class=\"elementor-icon elementor-social-icon elementor-social-icon-x-twitter elementor-repeater-item-8bc298e\" href=\"https:\/\/x.com\/Keele_CTU\" target=\"_blank\">\n\t\t\t\t\t\t<span class=\"elementor-screen-only\">X-twitter<\/span>\n\t\t\t\t\t\t<svg aria-hidden=\"true\" class=\"e-font-icon-svg e-fab-x-twitter\" viewBox=\"0 0 512 512\" xmlns=\"http:\/\/www.w3.org\/2000\/svg\"><path d=\"M389.2 48h70.6L305.6 224.2 487 464H345L233.7 318.6 106.5 464H35.8L200.7 275.5 26.8 48H172.4L272.9 180.9 389.2 48zM364.4 421.8h39.1L151.1 88h-42L364.4 421.8z\"><\/path><\/svg>\t\t\t\t\t<\/a>\n\t\t\t\t<\/span>\n\t\t\t\t\t<\/div>\n\t\t\t\t\t\t<\/div>\n\t\t\t\t\t<\/div>\n\t\t\t\t<\/div>\n\t\t\t\t<\/div>\n\t\t","protected":false},"excerpt":{"rendered":"<p>Implicarea pacien\u021bilor \u0219i a publicului Ce este implicarea pacien\u021bilor \u0219i a publicului? Implicarea pacien\u021bilor \u0219i a publicului (PPI) \u00een cercetare este cercetarea efectuat\u0103 cu sau de c\u0103tre pacien\u021bi sau membri ai publicului, mai degrab\u0103 dec\u00e2t pentru, despre sau pentru ei. Acest lucru asigur\u0103 faptul c\u0103 cercetarea este realizat\u0103 cu \u0219i pentru toat\u0103 lumea. Prin implicarea [&hellip;]<\/p>\n","protected":false},"author":1,"featured_media":0,"parent":0,"menu_order":0,"comment_status":"closed","ping_status":"closed","template":"","meta":{"_monsterinsights_skip_tracking":false,"_monsterinsights_sitenote_active":false,"_monsterinsights_sitenote_note":"","_monsterinsights_sitenote_category":0,"_uf_show_specific_survey":0,"_uf_disable_surveys":false,"footnotes":""},"class_list":["post-3115","page","type-page","status-publish","hentry"],"aioseo_notices":[],"_links":{"self":[{"href":"https:\/\/occurtrial.co.uk\/ro\/wp-json\/wp\/v2\/pages\/3115","targetHints":{"allow":["GET"]}}],"collection":[{"href":"https:\/\/occurtrial.co.uk\/ro\/wp-json\/wp\/v2\/pages"}],"about":[{"href":"https:\/\/occurtrial.co.uk\/ro\/wp-json\/wp\/v2\/types\/page"}],"author":[{"embeddable":true,"href":"https:\/\/occurtrial.co.uk\/ro\/wp-json\/wp\/v2\/users\/1"}],"replies":[{"embeddable":true,"href":"https:\/\/occurtrial.co.uk\/ro\/wp-json\/wp\/v2\/comments?post=3115"}],"version-history":[{"count":1,"href":"https:\/\/occurtrial.co.uk\/ro\/wp-json\/wp\/v2\/pages\/3115\/revisions"}],"predecessor-version":[{"id":3117,"href":"https:\/\/occurtrial.co.uk\/ro\/wp-json\/wp\/v2\/pages\/3115\/revisions\/3117"}],"wp:attachment":[{"href":"https:\/\/occurtrial.co.uk\/ro\/wp-json\/wp\/v2\/media?parent=3115"}],"curies":[{"name":"wp","href":"https:\/\/api.w.org\/{rel}","templated":true}]}}