{"id":3003,"date":"2025-09-19T11:11:51","date_gmt":"2025-09-19T11:11:51","guid":{"rendered":"https:\/\/occurtrial.co.uk\/informatii-pentru-site-uri\/"},"modified":"2026-01-27T11:55:04","modified_gmt":"2026-01-27T11:55:04","slug":"informatii-pentru-site-uri","status":"publish","type":"page","link":"https:\/\/occurtrial.co.uk\/ro\/informatii-pentru-site-uri\/","title":{"rendered":"Informa\u021bii pentru site-uri"},"content":{"rendered":"\t\t<div data-elementor-type=\"wp-page\" data-elementor-id=\"3003\" class=\"elementor elementor-3003 elementor-1277\" data-elementor-post-type=\"page\">\n\t\t\t\t<div data-ha-partstyle=\"nasa\" data-ha-partcolor=\"\" data-ha-partopacity=\"\" data-ha-partdirection=\"bottom\" class=\"elementor-element elementor-element-bcbcc6e ha-particle-yes e-flex e-con-boxed ha-particle-adv-no e-con e-parent\" data-id=\"bcbcc6e\" data-element_type=\"container\" data-settings=\"{&quot;background_background&quot;:&quot;classic&quot;}\">\n\t\t\t\t\t<div class=\"e-con-inner\">\n\t\t\t\t<div class=\"elementor-element elementor-element-329fa55 elementor-widget elementor-widget-heading\" data-id=\"329fa55\" data-element_type=\"widget\" data-widget_type=\"heading.default\">\n\t\t\t\t\t<h2 class=\"elementor-heading-title elementor-size-default\">Informa\u021bii pentru site-uri<\/h2>\t\t\t\t<\/div>\n\t\t\t\t\t<\/div>\n\t\t\t\t<\/div>\n\t\t<div class=\"elementor-element elementor-element-8729a1a e-flex e-con-boxed e-con e-parent\" data-id=\"8729a1a\" data-element_type=\"container\">\n\t\t\t\t\t<div class=\"e-con-inner\">\n\t\t\t\t<div class=\"elementor-element elementor-element-f943220 elementor-invisible elementor-widget elementor-widget-heading\" data-id=\"f943220\" data-element_type=\"widget\" data-settings=\"{&quot;_animation&quot;:&quot;fadeIn&quot;}\" data-widget_type=\"heading.default\">\n\t\t\t\t\t<span class=\"elementor-heading-title elementor-size-default\">Sunte\u021bi un cabinet de medicin\u0103 general\u0103 \u0219i sunte\u021bi interesat s\u0103 participa\u021bi la OCCUR? <\/span>\t\t\t\t<\/div>\n\t\t\t\t<div class=\"elementor-element elementor-element-c37cc37 elementor-widget-divider--view-line elementor-widget elementor-widget-divider\" data-id=\"c37cc37\" data-element_type=\"widget\" data-widget_type=\"divider.default\">\n\t\t\t\t\t\t\t<div class=\"elementor-divider\">\n\t\t\t<span class=\"elementor-divider-separator\">\n\t\t\t\t\t\t<\/span>\n\t\t<\/div>\n\t\t\t\t\t\t<\/div>\n\t\t\t\t<div class=\"elementor-element elementor-element-fcbebff elementor-widget elementor-widget-text-editor\" data-id=\"fcbebff\" data-element_type=\"widget\" data-widget_type=\"text-editor.default\">\n\t\t\t\t\t\t\t\t\t<p>Dac\u0103 sunte\u021bi un cabinet de medicin\u0103 general\u0103 \u0219i sunte\u021bi interesat s\u0103 afla\u021bi mai multe despre cum pute\u021bi participa la studiul OCCUR, v\u0103 rug\u0103m s\u0103 completa\u021bi urm\u0103torul formular de fezabilitate, iar un membru al echipei studiului OCCUR v\u0103 va contacta cu mai multe informa\u021bii.<\/p>\t\t\t\t\t\t\t\t<\/div>\n\t\t\t\t<div class=\"elementor-element elementor-element-80a87ba elementor-widget__width-initial elementor-widget elementor-widget-button\" data-id=\"80a87ba\" data-element_type=\"widget\" data-settings=\"{&quot;_animation&quot;:&quot;none&quot;,&quot;_animation_delay&quot;:800}\" data-widget_type=\"button.default\">\n\t\t\t\t\t\t\t\t\t\t<a class=\"elementor-button elementor-button-link elementor-size-sm\" href=\"http:\/\/occurtrial.co.uk\/wp-content\/uploads\/2026\/01\/OCCUR-Site-feasibility-document-v1.1-10Sep2025.docx\" target=\"_blank\" download=\"OCCUR-Site-feasibility-document-v1.1-10Sep2025.docx\">\n\t\t\t\t\t\t<span class=\"elementor-button-content-wrapper\">\n\t\t\t\t\t\t<span class=\"elementor-button-icon\">\n\t\t\t\t<svg xmlns=\"http:\/\/www.w3.org\/2000\/svg\" width=\"18\" height=\"14\" fill=\"currentColor\" viewBox=\"0 0 18 14\"><path fill-rule=\"evenodd\" d=\"M17 5.66c-2.438 0-4.66-2.221-4.66-4.66V0h-2v1c0 1.774.778 3.438 1.999 4.66H0v2h12.339c-1.221 1.222-1.999 2.886-1.999 4.66v1h2v-1c0-2.439 2.222-4.66 4.66-4.66h1v-2h-1Z\" clip-rule=\"evenodd\"><\/path><\/svg>\t\t\t<\/span>\n\t\t\t\t\t\t\t\t\t<span class=\"elementor-button-text\">Face\u021bi clic aici pentru a desc\u0103rca<\/span>\n\t\t\t\t\t<\/span>\n\t\t\t\t\t<\/a>\n\t\t\t\t\t\t\t\t<\/div>\n\t\t\t\t\t<\/div>\n\t\t\t\t<\/div>\n\t\t<div class=\"elementor-element elementor-element-03e2e2c e-flex e-con-boxed e-con e-parent\" data-id=\"03e2e2c\" data-element_type=\"container\">\n\t\t\t\t\t<div class=\"e-con-inner\">\n\t\t\t\t<div class=\"elementor-element elementor-element-0cdc2bb elementor-invisible elementor-widget elementor-widget-heading\" data-id=\"0cdc2bb\" data-element_type=\"widget\" data-settings=\"{&quot;_animation&quot;:&quot;fadeIn&quot;}\" data-widget_type=\"heading.default\">\n\t\t\t\t\t<span class=\"elementor-heading-title elementor-size-default\">Actualiz\u0103ri privind progresul studiului <\/span>\t\t\t\t<\/div>\n\t\t\t\t<div class=\"elementor-element elementor-element-ef940dc elementor-widget-divider--view-line elementor-widget elementor-widget-divider\" data-id=\"ef940dc\" data-element_type=\"widget\" data-widget_type=\"divider.default\">\n\t\t\t\t\t\t\t<div class=\"elementor-divider\">\n\t\t\t<span class=\"elementor-divider-separator\">\n\t\t\t\t\t\t<\/span>\n\t\t<\/div>\n\t\t\t\t\t\t<\/div>\n\t\t\t\t<div class=\"elementor-element elementor-element-ad2b749 elementor-widget elementor-widget-text-editor\" data-id=\"ad2b749\" data-element_type=\"widget\" data-widget_type=\"text-editor.default\">\n\t\t\t\t\t\t\t\t\t<p>Studiul a primit acum aprobarea etic\u0103, iar echipa studiului este ocupat\u0103 s\u0103 colaboreze cu cabinetele de medicin\u0103 general\u0103 \u0219i sper\u0103 s\u0103 \u00eenceap\u0103 recrutarea la mijlocul lunii ianuarie 2026.<\/p>\t\t\t\t\t\t\t\t<\/div>\n\t\t\t\t\t<\/div>\n\t\t\t\t<\/div>\n\t\t<div class=\"elementor-element elementor-element-b04d5c0 e-flex e-con-boxed e-con e-parent\" data-id=\"b04d5c0\" data-element_type=\"container\">\n\t\t\t\t\t<div class=\"e-con-inner\">\n\t\t\t\t<div class=\"elementor-element elementor-element-8d43844 elementor-invisible elementor-widget elementor-widget-heading\" data-id=\"8d43844\" data-element_type=\"widget\" data-settings=\"{&quot;_animation&quot;:&quot;fadeIn&quot;}\" data-widget_type=\"heading.default\">\n\t\t\t\t\t<span class=\"elementor-heading-title elementor-size-default\">Cabinete de medicin\u0103 general\u0103 cu care lucr\u0103m<\/span>\t\t\t\t<\/div>\n\t\t\t\t<div class=\"elementor-element elementor-element-b59eb11 elementor-widget-divider--view-line elementor-widget elementor-widget-divider\" data-id=\"b59eb11\" data-element_type=\"widget\" data-widget_type=\"divider.default\">\n\t\t\t\t\t\t\t<div class=\"elementor-divider\">\n\t\t\t<span class=\"elementor-divider-separator\">\n\t\t\t\t\t\t<\/span>\n\t\t<\/div>\n\t\t\t\t\t\t<\/div>\n\t\t\t\t\t<\/div>\n\t\t\t\t<\/div>\n\t\t<div class=\"elementor-element elementor-element-0667df9 e-flex e-con-boxed e-con e-parent\" data-id=\"0667df9\" data-element_type=\"container\">\n\t\t\t\t\t<div class=\"e-con-inner\">\n\t\t\t\t<div class=\"elementor-element elementor-element-aa9f720 elementor-invisible elementor-widget elementor-widget-heading\" data-id=\"aa9f720\" data-element_type=\"widget\" data-settings=\"{&quot;_animation&quot;:&quot;fadeIn&quot;}\" data-widget_type=\"heading.default\">\n\t\t\t\t\t<span class=\"elementor-heading-title elementor-size-default\">Recrut\u0103m cabinete \u00een 4 regiuni:<\/span>\t\t\t\t<\/div>\n\t\t\t\t<div class=\"elementor-element elementor-element-054df9e elementor-widget-divider--view-line elementor-widget elementor-widget-divider\" data-id=\"054df9e\" data-element_type=\"widget\" data-widget_type=\"divider.default\">\n\t\t\t\t\t\t\t<div class=\"elementor-divider\">\n\t\t\t<span class=\"elementor-divider-separator\">\n\t\t\t\t\t\t<\/span>\n\t\t<\/div>\n\t\t\t\t\t\t<\/div>\n\t\t\t\t\t<\/div>\n\t\t\t\t<\/div>\n\t\t<div class=\"elementor-element elementor-element-e2634f3 e-flex e-con-boxed e-con e-parent\" data-id=\"e2634f3\" data-element_type=\"container\">\n\t\t\t\t\t<div class=\"e-con-inner\">\n\t\t\t\t<div class=\"elementor-element elementor-element-06ce4e5 elementor-widget elementor-widget-image\" data-id=\"06ce4e5\" data-element_type=\"widget\" data-widget_type=\"image.default\">\n\t\t\t\t\t\t\t\t\t\t\t\t\t\t\t<img fetchpriority=\"high\" decoding=\"async\" width=\"1015\" height=\"571\" src=\"http:\/\/occurtrial.co.uk\/wp-content\/uploads\/2025\/11\/GP-Regions-UK.png\" class=\"attachment-full size-full wp-image-2305\" alt=\"\" srcset=\"http:\/\/occurtrial.co.uk\/wp-content\/uploads\/2025\/11\/GP-Regions-UK.png 1015w, http:\/\/occurtrial.co.uk\/wp-content\/uploads\/2025\/11\/GP-Regions-UK-300x169.png 300w, http:\/\/occurtrial.co.uk\/wp-content\/uploads\/2025\/11\/GP-Regions-UK-768x432.png 768w\" sizes=\"(max-width: 1015px) 100vw, 1015px\" \/>\t\t\t\t\t\t\t\t\t\t\t\t\t\t\t<\/div>\n\t\t\t\t\t<\/div>\n\t\t\t\t<\/div>\n\t\t<div class=\"elementor-element elementor-element-db88241 e-flex e-con-boxed e-con e-parent\" data-id=\"db88241\" data-element_type=\"container\">\n\t\t\t\t\t<div class=\"e-con-inner\">\n\t\t\t\t<div class=\"elementor-element elementor-element-e03bff7 elementor-invisible elementor-widget elementor-widget-heading\" data-id=\"e03bff7\" data-element_type=\"widget\" data-settings=\"{&quot;_animation&quot;:&quot;fadeIn&quot;}\" data-widget_type=\"heading.default\">\n\t\t\t\t\t<span class=\"elementor-heading-title elementor-size-default\">RDN West Midlands \u0219i East Midlands:<\/span>\t\t\t\t<\/div>\n\t\t\t\t<div class=\"elementor-element elementor-element-9868814 elementor-widget-divider--view-line elementor-widget elementor-widget-divider\" data-id=\"9868814\" data-element_type=\"widget\" data-widget_type=\"divider.default\">\n\t\t\t\t\t\t\t<div class=\"elementor-divider\">\n\t\t\t<span class=\"elementor-divider-separator\">\n\t\t\t\t\t\t<\/span>\n\t\t<\/div>\n\t\t\t\t\t\t<\/div>\n\t\t\t\t<div class=\"elementor-element elementor-element-b766751 elementor-widget elementor-widget-image\" data-id=\"b766751\" data-element_type=\"widget\" data-widget_type=\"image.default\">\n\t\t\t\t\t\t\t\t\t\t\t\t\t\t\t<img decoding=\"async\" width=\"692\" height=\"474\" src=\"http:\/\/occurtrial.co.uk\/wp-content\/uploads\/2025\/11\/WestMidlands-EastMidlands.png\" class=\"attachment-large size-large wp-image-2307\" alt=\"\" srcset=\"http:\/\/occurtrial.co.uk\/wp-content\/uploads\/2025\/11\/WestMidlands-EastMidlands.png 692w, http:\/\/occurtrial.co.uk\/wp-content\/uploads\/2025\/11\/WestMidlands-EastMidlands-300x205.png 300w\" sizes=\"(max-width: 692px) 100vw, 692px\" \/>\t\t\t\t\t\t\t\t\t\t\t\t\t\t\t<\/div>\n\t\t\t\t\t<\/div>\n\t\t\t\t<\/div>\n\t\t<div class=\"elementor-element elementor-element-a73bb74 e-flex e-con-boxed e-con e-parent\" data-id=\"a73bb74\" data-element_type=\"container\">\n\t\t\t\t\t<div class=\"e-con-inner\">\n\t\t\t\t<div class=\"elementor-element elementor-element-b2b21da elementor-invisible elementor-widget elementor-widget-heading\" data-id=\"b2b21da\" data-element_type=\"widget\" data-settings=\"{&quot;_animation&quot;:&quot;fadeIn&quot;}\" data-widget_type=\"heading.default\">\n\t\t\t\t\t<span class=\"elementor-heading-title elementor-size-default\">RDN South Central:<\/span>\t\t\t\t<\/div>\n\t\t\t\t<div class=\"elementor-element elementor-element-d7fbe78 elementor-widget-divider--view-line elementor-widget elementor-widget-divider\" data-id=\"d7fbe78\" data-element_type=\"widget\" data-widget_type=\"divider.default\">\n\t\t\t\t\t\t\t<div class=\"elementor-divider\">\n\t\t\t<span class=\"elementor-divider-separator\">\n\t\t\t\t\t\t<\/span>\n\t\t<\/div>\n\t\t\t\t\t\t<\/div>\n\t\t\t\t<div class=\"elementor-element elementor-element-ba1857b elementor-widget elementor-widget-image\" data-id=\"ba1857b\" data-element_type=\"widget\" data-widget_type=\"image.default\">\n\t\t\t\t\t\t\t\t\t\t\t\t\t\t\t<img decoding=\"async\" width=\"356\" height=\"676\" src=\"http:\/\/occurtrial.co.uk\/wp-content\/uploads\/2025\/11\/South-Central-RDN.png\" class=\"attachment-large size-large wp-image-2309\" alt=\"\" srcset=\"http:\/\/occurtrial.co.uk\/wp-content\/uploads\/2025\/11\/South-Central-RDN.png 356w, http:\/\/occurtrial.co.uk\/wp-content\/uploads\/2025\/11\/South-Central-RDN-158x300.png 158w\" sizes=\"(max-width: 356px) 100vw, 356px\" \/>\t\t\t\t\t\t\t\t\t\t\t\t\t\t\t<\/div>\n\t\t\t\t\t<\/div>\n\t\t\t\t<\/div>\n\t\t<div class=\"elementor-element elementor-element-22ecc4f e-flex e-con-boxed e-con e-parent\" data-id=\"22ecc4f\" data-element_type=\"container\">\n\t\t\t\t\t<div class=\"e-con-inner\">\n\t\t\t\t<div class=\"elementor-element elementor-element-f91267a elementor-invisible elementor-widget elementor-widget-heading\" data-id=\"f91267a\" data-element_type=\"widget\" data-settings=\"{&quot;_animation&quot;:&quot;fadeIn&quot;}\" data-widget_type=\"heading.default\">\n\t\t\t\t\t<span class=\"elementor-heading-title elementor-size-default\">RDN Yorkshire \u0219i Humber:<\/span>\t\t\t\t<\/div>\n\t\t\t\t<div class=\"elementor-element elementor-element-8f3d90a elementor-widget-divider--view-line elementor-widget elementor-widget-divider\" data-id=\"8f3d90a\" data-element_type=\"widget\" data-widget_type=\"divider.default\">\n\t\t\t\t\t\t\t<div class=\"elementor-divider\">\n\t\t\t<span class=\"elementor-divider-separator\">\n\t\t\t\t\t\t<\/span>\n\t\t<\/div>\n\t\t\t\t\t\t<\/div>\n\t\t\t\t<div class=\"elementor-element elementor-element-febf5b1 elementor-widget elementor-widget-image\" data-id=\"febf5b1\" data-element_type=\"widget\" data-widget_type=\"image.default\">\n\t\t\t\t\t\t\t\t\t\t\t\t\t\t\t<img loading=\"lazy\" decoding=\"async\" width=\"446\" height=\"324\" src=\"http:\/\/occurtrial.co.uk\/wp-content\/uploads\/2025\/11\/Yorkshire-and-Humber-RDN-.png\" class=\"attachment-large size-large wp-image-2311\" alt=\"\" srcset=\"http:\/\/occurtrial.co.uk\/wp-content\/uploads\/2025\/11\/Yorkshire-and-Humber-RDN-.png 446w, http:\/\/occurtrial.co.uk\/wp-content\/uploads\/2025\/11\/Yorkshire-and-Humber-RDN--300x218.png 300w\" sizes=\"(max-width: 446px) 100vw, 446px\" \/>\t\t\t\t\t\t\t\t\t\t\t\t\t\t\t<\/div>\n\t\t\t\t\t<\/div>\n\t\t\t\t<\/div>\n\t\t\t\t<\/div>\n\t\t","protected":false},"excerpt":{"rendered":"<p>Informa\u021bii pentru site-uri Sunte\u021bi un cabinet de medicin\u0103 general\u0103 \u0219i sunte\u021bi interesat s\u0103 participa\u021bi la OCCUR? Dac\u0103 sunte\u021bi un cabinet de medicin\u0103 general\u0103 \u0219i sunte\u021bi interesat s\u0103 afla\u021bi mai multe despre cum pute\u021bi participa la studiul OCCUR, v\u0103 rug\u0103m s\u0103 completa\u021bi urm\u0103torul formular de fezabilitate, iar un membru al echipei studiului OCCUR v\u0103 va contacta [&hellip;]<\/p>\n","protected":false},"author":1,"featured_media":0,"parent":0,"menu_order":0,"comment_status":"closed","ping_status":"closed","template":"","meta":{"_monsterinsights_skip_tracking":false,"_monsterinsights_sitenote_active":false,"_monsterinsights_sitenote_note":"","_monsterinsights_sitenote_category":0,"_uf_show_specific_survey":0,"_uf_disable_surveys":false,"footnotes":""},"class_list":["post-3003","page","type-page","status-publish","hentry"],"aioseo_notices":[],"_links":{"self":[{"href":"https:\/\/occurtrial.co.uk\/ro\/wp-json\/wp\/v2\/pages\/3003","targetHints":{"allow":["GET"]}}],"collection":[{"href":"https:\/\/occurtrial.co.uk\/ro\/wp-json\/wp\/v2\/pages"}],"about":[{"href":"https:\/\/occurtrial.co.uk\/ro\/wp-json\/wp\/v2\/types\/page"}],"author":[{"embeddable":true,"href":"https:\/\/occurtrial.co.uk\/ro\/wp-json\/wp\/v2\/users\/1"}],"replies":[{"embeddable":true,"href":"https:\/\/occurtrial.co.uk\/ro\/wp-json\/wp\/v2\/comments?post=3003"}],"version-history":[{"count":1,"href":"https:\/\/occurtrial.co.uk\/ro\/wp-json\/wp\/v2\/pages\/3003\/revisions"}],"predecessor-version":[{"id":3015,"href":"https:\/\/occurtrial.co.uk\/ro\/wp-json\/wp\/v2\/pages\/3003\/revisions\/3015"}],"wp:attachment":[{"href":"https:\/\/occurtrial.co.uk\/ro\/wp-json\/wp\/v2\/media?parent=3003"}],"curies":[{"name":"wp","href":"https:\/\/api.w.org\/{rel}","templated":true}]}}