{"id":3083,"date":"2025-09-19T11:12:19","date_gmt":"2025-09-19T11:12:19","guid":{"rendered":"https:\/\/occurtrial.co.uk\/doentes-e-publico\/"},"modified":"2026-01-27T11:55:59","modified_gmt":"2026-01-27T11:55:59","slug":"doentes-e-publico","status":"publish","type":"page","link":"https:\/\/occurtrial.co.uk\/pt-pt\/doentes-e-publico\/","title":{"rendered":"Doentes e p\u00fablico"},"content":{"rendered":"\t\t<div data-elementor-type=\"wp-page\" data-elementor-id=\"3083\" class=\"elementor elementor-3083 elementor-1281\" data-elementor-post-type=\"page\">\n\t\t\t\t<div data-ha-partstyle=\"nasa\" data-ha-partcolor=\"\" data-ha-partopacity=\"\" data-ha-partdirection=\"bottom\" class=\"elementor-element elementor-element-818801f ha-particle-yes e-flex e-con-boxed ha-particle-adv-no e-con e-parent\" data-id=\"818801f\" data-element_type=\"container\" data-settings=\"{&quot;background_background&quot;:&quot;classic&quot;}\">\n\t\t\t\t\t<div class=\"e-con-inner\">\n\t\t\t\t<div class=\"elementor-element elementor-element-14d3ebb elementor-widget elementor-widget-heading\" data-id=\"14d3ebb\" data-element_type=\"widget\" data-widget_type=\"heading.default\">\n\t\t\t\t\t<h2 class=\"elementor-heading-title elementor-size-default\">Envolvimento de doentes e do p\u00fablico <\/h2>\t\t\t\t<\/div>\n\t\t\t\t\t<\/div>\n\t\t\t\t<\/div>\n\t\t<div class=\"elementor-element elementor-element-34a976f e-flex e-con-boxed e-con e-parent\" data-id=\"34a976f\" data-element_type=\"container\">\n\t\t\t\t\t<div class=\"e-con-inner\">\n\t\t\t\t<div class=\"elementor-element elementor-element-fdc9e72 elementor-invisible elementor-widget elementor-widget-heading\" data-id=\"fdc9e72\" data-element_type=\"widget\" data-settings=\"{&quot;_animation&quot;:&quot;fadeIn&quot;}\" data-widget_type=\"heading.default\">\n\t\t\t\t\t<span class=\"elementor-heading-title elementor-size-default\">O que \u00e9 o envolvimento de doentes e do p\u00fablico?<\/span>\t\t\t\t<\/div>\n\t\t\t\t<div class=\"elementor-element elementor-element-eb63c24 elementor-widget-divider--view-line elementor-widget elementor-widget-divider\" data-id=\"eb63c24\" data-element_type=\"widget\" data-widget_type=\"divider.default\">\n\t\t\t\t\t\t\t<div class=\"elementor-divider\">\n\t\t\t<span class=\"elementor-divider-separator\">\n\t\t\t\t\t\t<\/span>\n\t\t<\/div>\n\t\t\t\t\t\t<\/div>\n\t\t\t\t<div class=\"elementor-element elementor-element-b2ab959 elementor-widget elementor-widget-text-editor\" data-id=\"b2ab959\" data-element_type=\"widget\" data-widget_type=\"text-editor.default\">\n\t\t\t\t\t\t\t\t\t<p>O envolvimento de doentes e do p\u00fablico (EDP) na investiga\u00e7\u00e3o \u00e9 uma investiga\u00e7\u00e3o realizada <strong>com<\/strong> ou por doentes ou membros do p\u00fablico, em vez de <strong>para<\/strong>, <strong>sobre<\/strong> ou <strong>para<\/strong> eles. Isto garante que a investiga\u00e7\u00e3o \u00e9 feita com e para todos. <\/p><p>Ao envolver os doentes e o p\u00fablico na conce\u00e7\u00e3o, execu\u00e7\u00e3o e publica\u00e7\u00e3o dos ensaios, os estudos de investiga\u00e7\u00e3o tornam-se mais relevantes, aceit\u00e1veis e acess\u00edveis aos potenciais participantes. Isto ajuda a identificar as quest\u00f5es mais importantes e relevantes para os diretamente afetados por determinadas doen\u00e7as e respetivos tratamentos. <\/p><p>Pode encontrar mais informa\u00e7\u00f5es sobre EDP atrav\u00e9s das seguintes liga\u00e7\u00f5es:<\/p><p><span style=\"text-decoration: underline;\"><a href=\"https:\/\/www.google.com\/url?q=https%3A%2F%2Fwww.nihr.ac.uk%2Fpatients-carers-and-the-public%2Fi-want-to-help-with-research%2F&amp;sa=D&amp;sntz=1&amp;usg=AOvVaw2aK1FcCMrMJAYyN8WUHmJX\" target=\"_blank\" rel=\"noopener\">https:\/\/www.nihr.ac.uk\/patients-carers-and-the-public\/i-want-to-help-with-research\/<\/a><\/span><\/p><p><a href=\"https:\/\/bepartofresearch.nihr.ac.uk\/campaigns\/be-part-of-research-2024\/\" target=\"_blank\" rel=\"noopener\"><u>https:\/\/bepartofresearch.nihr.ac.uk\/campaigns\/be-part-of-research-2024\/<\/u><\/a><\/p>\t\t\t\t\t\t\t\t<\/div>\n\t\t\t\t\t<\/div>\n\t\t\t\t<\/div>\n\t\t<div class=\"elementor-element elementor-element-1eca5a9 e-flex e-con-boxed e-con e-parent\" data-id=\"1eca5a9\" data-element_type=\"container\">\n\t\t\t\t\t<div class=\"e-con-inner\">\n\t\t\t\t<div class=\"elementor-element elementor-element-33ceed3 elementor-invisible elementor-widget elementor-widget-heading\" data-id=\"33ceed3\" data-element_type=\"widget\" data-settings=\"{&quot;_animation&quot;:&quot;fadeIn&quot;}\" data-widget_type=\"heading.default\">\n\t\t\t\t\t<span class=\"elementor-heading-title elementor-size-default\">De que forma o EDP ajudou a moldar o ensaio OCCUR?<\/span>\t\t\t\t<\/div>\n\t\t\t\t<div class=\"elementor-element elementor-element-534894f elementor-widget-divider--view-line elementor-widget elementor-widget-divider\" data-id=\"534894f\" data-element_type=\"widget\" data-widget_type=\"divider.default\">\n\t\t\t\t\t\t\t<div class=\"elementor-divider\">\n\t\t\t<span class=\"elementor-divider-separator\">\n\t\t\t\t\t\t<\/span>\n\t\t<\/div>\n\t\t\t\t\t\t<\/div>\n\t\t\t\t<div class=\"elementor-element elementor-element-c6669f4 elementor-widget elementor-widget-text-editor\" data-id=\"c6669f4\" data-element_type=\"widget\" data-widget_type=\"text-editor.default\">\n\t\t\t\t\t\t\t\t\t<p>Envolvimento e participa\u00e7\u00e3o de doentes e do p\u00fablico (EPDP) O EPDP foi inclu\u00eddo em todas as fases do nosso pedido de financiamento. Os nossos cocandidatos leigos e os membros do nosso grupo de EPDP consideram que o ensaio \u00e9 importante, ajudaram a conceber o ensaio e redigiram em conjunto este resumo em linguagem simples. Realiz\u00e1mos duas reuni\u00f5es de grupo de EPDP com nove pessoas com experi\u00eancia vivida de crises de gota das regi\u00f5es de West Midlands, East Midlands e Noroeste de Inglaterra. Ajudaram-nos a decidir os resultados, quando os resultados deveriam ser recolhidos e qual a dura\u00e7\u00e3o do acompanhamento. O nosso respons\u00e1vel pelo EPDP apoiar\u00e1 todas as atividades de EPDP ao longo do ensaio. Durante o ensaio, as reuni\u00f5es da nossa equipa de estudo e as reuni\u00f5es do grupo consultivo externo incluir\u00e3o contribuintes do p\u00fablico. Estes estar\u00e3o envolvidos em todas as fases da investiga\u00e7\u00e3o, incluindo a assist\u00eancia no nosso pedido de \u00e9tica, ajudando-nos a compreender os resultados, redigindo mensagens facilmente compreens\u00edveis para explicar as suas conclus\u00f5es e aconselhando-nos sobre a forma de divulgar amplamente as conclus\u00f5es.      <\/p>\t\t\t\t\t\t\t\t<\/div>\n\t\t\t\t\t<\/div>\n\t\t\t\t<\/div>\n\t\t<div class=\"elementor-element elementor-element-e14b996 e-flex e-con-boxed e-con e-parent\" data-id=\"e14b996\" data-element_type=\"container\">\n\t\t\t\t\t<div class=\"e-con-inner\">\n\t\t\t\t<div class=\"elementor-element elementor-element-29167cb elementor-invisible elementor-widget elementor-widget-heading\" data-id=\"29167cb\" data-element_type=\"widget\" data-settings=\"{&quot;_animation&quot;:&quot;fadeIn&quot;}\" data-widget_type=\"heading.default\">\n\t\t\t\t\t<span class=\"elementor-heading-title elementor-size-default\">Como posso envolver-me no EDP? <\/span>\t\t\t\t<\/div>\n\t\t\t\t<div class=\"elementor-element elementor-element-8f64008 elementor-widget-divider--view-line elementor-widget elementor-widget-divider\" data-id=\"8f64008\" data-element_type=\"widget\" data-widget_type=\"divider.default\">\n\t\t\t\t\t\t\t<div class=\"elementor-divider\">\n\t\t\t<span class=\"elementor-divider-separator\">\n\t\t\t\t\t\t<\/span>\n\t\t<\/div>\n\t\t\t\t\t\t<\/div>\n\t\t\t\t<div class=\"elementor-element elementor-element-a2c7ce0 elementor-widget elementor-widget-text-editor\" data-id=\"a2c7ce0\" data-element_type=\"widget\" data-widget_type=\"text-editor.default\">\n\t\t\t\t\t\t\t\t\t<p>Qualquer pessoa pode tornar-se membro de um grupo de EPDP e pode oferecer um feedback valioso sobre todos os aspetos do funcionamento dos nossos ensaios; desde a forma como os nossos ensaios s\u00e3o concebidos at\u00e9 ao que o ensaio exige dos participantes e se os folhetos informativos para os doentes, os formul\u00e1rios de consentimento e os question\u00e1rios s\u00e3o f\u00e1ceis de compreender, para citar apenas alguns!<\/p><p>Se gostaria de dar a sua opini\u00e3o e fazer a diferen\u00e7a, entre em contacto com a Unidade de Ensaios Cl\u00ednicos da Universidade de Keele por telefone, e-mail ou redes sociais:<\/p><p>Telefone: 01782 732950<\/p><p>E-mail: <a href=\"mailto:ctu.inspire@keele.ac.uk\">ctu.inspire@keele.ac.uk<\/a><\/p>\t\t\t\t\t\t\t\t<\/div>\n\t\t\t\t\t<\/div>\n\t\t\t\t<\/div>\n\t\t<div class=\"elementor-element elementor-element-d464c22 e-flex e-con-boxed e-con e-parent\" data-id=\"d464c22\" data-element_type=\"container\">\n\t\t\t\t\t<div class=\"e-con-inner\">\n\t\t\t\t<div class=\"elementor-element elementor-element-e6938a3 elementor-shape-rounded elementor-grid-0 e-grid-align-center elementor-widget elementor-widget-social-icons\" data-id=\"e6938a3\" data-element_type=\"widget\" data-widget_type=\"social-icons.default\">\n\t\t\t\t\t\t\t<div class=\"elementor-social-icons-wrapper elementor-grid\" role=\"list\">\n\t\t\t\t\t\t\t<span class=\"elementor-grid-item\" role=\"listitem\">\n\t\t\t\t\t<a class=\"elementor-icon elementor-social-icon elementor-social-icon-facebook elementor-repeater-item-65253b8\" href=\"https:\/\/www.facebook.com\/KeeleCTU\" target=\"_blank\">\n\t\t\t\t\t\t<span class=\"elementor-screen-only\">Facebook<\/span>\n\t\t\t\t\t\t<svg aria-hidden=\"true\" class=\"e-font-icon-svg e-fab-facebook\" viewBox=\"0 0 512 512\" xmlns=\"http:\/\/www.w3.org\/2000\/svg\"><path d=\"M504 256C504 119 393 8 256 8S8 119 8 256c0 123.78 90.69 226.38 209.25 245V327.69h-63V256h63v-54.64c0-62.15 37-96.48 93.67-96.48 27.14 0 55.52 4.84 55.52 4.84v61h-31.28c-30.8 0-40.41 19.12-40.41 38.73V256h68.78l-11 71.69h-57.78V501C413.31 482.38 504 379.78 504 256z\"><\/path><\/svg>\t\t\t\t\t<\/a>\n\t\t\t\t<\/span>\n\t\t\t\t\t\t\t<span class=\"elementor-grid-item\" role=\"listitem\">\n\t\t\t\t\t<a class=\"elementor-icon elementor-social-icon elementor-social-icon-instagram elementor-repeater-item-5f7e097\" href=\"https:\/\/www.instagram.com\/keele_ctu\/\" target=\"_blank\">\n\t\t\t\t\t\t<span class=\"elementor-screen-only\">Instagram<\/span>\n\t\t\t\t\t\t<svg aria-hidden=\"true\" class=\"e-font-icon-svg e-fab-instagram\" viewBox=\"0 0 448 512\" xmlns=\"http:\/\/www.w3.org\/2000\/svg\"><path d=\"M224.1 141c-63.6 0-114.9 51.3-114.9 114.9s51.3 114.9 114.9 114.9S339 319.5 339 255.9 287.7 141 224.1 141zm0 189.6c-41.1 0-74.7-33.5-74.7-74.7s33.5-74.7 74.7-74.7 74.7 33.5 74.7 74.7-33.6 74.7-74.7 74.7zm146.4-194.3c0 14.9-12 26.8-26.8 26.8-14.9 0-26.8-12-26.8-26.8s12-26.8 26.8-26.8 26.8 12 26.8 26.8zm76.1 27.2c-1.7-35.9-9.9-67.7-36.2-93.9-26.2-26.2-58-34.4-93.9-36.2-37-2.1-147.9-2.1-184.9 0-35.8 1.7-67.6 9.9-93.9 36.1s-34.4 58-36.2 93.9c-2.1 37-2.1 147.9 0 184.9 1.7 35.9 9.9 67.7 36.2 93.9s58 34.4 93.9 36.2c37 2.1 147.9 2.1 184.9 0 35.9-1.7 67.7-9.9 93.9-36.2 26.2-26.2 34.4-58 36.2-93.9 2.1-37 2.1-147.8 0-184.8zM398.8 388c-7.8 19.6-22.9 34.7-42.6 42.6-29.5 11.7-99.5 9-132.1 9s-102.7 2.6-132.1-9c-19.6-7.8-34.7-22.9-42.6-42.6-11.7-29.5-9-99.5-9-132.1s-2.6-102.7 9-132.1c7.8-19.6 22.9-34.7 42.6-42.6 29.5-11.7 99.5-9 132.1-9s102.7-2.6 132.1 9c19.6 7.8 34.7 22.9 42.6 42.6 11.7 29.5 9 99.5 9 132.1s2.7 102.7-9 132.1z\"><\/path><\/svg>\t\t\t\t\t<\/a>\n\t\t\t\t<\/span>\n\t\t\t\t\t\t\t<span class=\"elementor-grid-item\" role=\"listitem\">\n\t\t\t\t\t<a class=\"elementor-icon elementor-social-icon elementor-social-icon-x-twitter elementor-repeater-item-8bc298e\" href=\"https:\/\/x.com\/Keele_CTU\" target=\"_blank\">\n\t\t\t\t\t\t<span class=\"elementor-screen-only\">X-twitter<\/span>\n\t\t\t\t\t\t<svg aria-hidden=\"true\" class=\"e-font-icon-svg e-fab-x-twitter\" viewBox=\"0 0 512 512\" xmlns=\"http:\/\/www.w3.org\/2000\/svg\"><path d=\"M389.2 48h70.6L305.6 224.2 487 464H345L233.7 318.6 106.5 464H35.8L200.7 275.5 26.8 48H172.4L272.9 180.9 389.2 48zM364.4 421.8h39.1L151.1 88h-42L364.4 421.8z\"><\/path><\/svg>\t\t\t\t\t<\/a>\n\t\t\t\t<\/span>\n\t\t\t\t\t<\/div>\n\t\t\t\t\t\t<\/div>\n\t\t\t\t\t<\/div>\n\t\t\t\t<\/div>\n\t\t\t\t<\/div>\n\t\t","protected":false},"excerpt":{"rendered":"<p>Envolvimento de doentes e do p\u00fablico O que \u00e9 o envolvimento de doentes e do p\u00fablico? O envolvimento de doentes e do p\u00fablico (EDP) na investiga\u00e7\u00e3o \u00e9 uma investiga\u00e7\u00e3o realizada com ou por doentes ou membros do p\u00fablico, em vez de para, sobre ou para eles. Isto garante que a investiga\u00e7\u00e3o \u00e9 feita com e [&hellip;]<\/p>\n","protected":false},"author":1,"featured_media":0,"parent":0,"menu_order":0,"comment_status":"closed","ping_status":"closed","template":"","meta":{"_monsterinsights_skip_tracking":false,"_monsterinsights_sitenote_active":false,"_monsterinsights_sitenote_note":"","_monsterinsights_sitenote_category":0,"_uf_show_specific_survey":0,"_uf_disable_surveys":false,"footnotes":""},"class_list":["post-3083","page","type-page","status-publish","hentry"],"aioseo_notices":[],"_links":{"self":[{"href":"https:\/\/occurtrial.co.uk\/pt-pt\/wp-json\/wp\/v2\/pages\/3083","targetHints":{"allow":["GET"]}}],"collection":[{"href":"https:\/\/occurtrial.co.uk\/pt-pt\/wp-json\/wp\/v2\/pages"}],"about":[{"href":"https:\/\/occurtrial.co.uk\/pt-pt\/wp-json\/wp\/v2\/types\/page"}],"author":[{"embeddable":true,"href":"https:\/\/occurtrial.co.uk\/pt-pt\/wp-json\/wp\/v2\/users\/1"}],"replies":[{"embeddable":true,"href":"https:\/\/occurtrial.co.uk\/pt-pt\/wp-json\/wp\/v2\/comments?post=3083"}],"version-history":[{"count":1,"href":"https:\/\/occurtrial.co.uk\/pt-pt\/wp-json\/wp\/v2\/pages\/3083\/revisions"}],"predecessor-version":[{"id":3097,"href":"https:\/\/occurtrial.co.uk\/pt-pt\/wp-json\/wp\/v2\/pages\/3083\/revisions\/3097"}],"wp:attachment":[{"href":"https:\/\/occurtrial.co.uk\/pt-pt\/wp-json\/wp\/v2\/media?parent=3083"}],"curies":[{"name":"wp","href":"https:\/\/api.w.org\/{rel}","templated":true}]}}