{"id":3183,"date":"2025-09-19T11:12:38","date_gmt":"2025-09-19T11:12:38","guid":{"rendered":"https:\/\/occurtrial.co.uk\/zespol-occur\/"},"modified":"2026-01-27T12:57:37","modified_gmt":"2026-01-27T12:57:37","slug":"zespol-occur","status":"publish","type":"page","link":"https:\/\/occurtrial.co.uk\/pl\/zespol-occur\/","title":{"rendered":"Zesp\u00f3\u0142 Occur"},"content":{"rendered":"\t\t<div data-elementor-type=\"wp-page\" data-elementor-id=\"3183\" class=\"elementor elementor-3183 elementor-1285\" data-elementor-post-type=\"page\">\n\t\t\t\t<div data-ha-partstyle=\"nasa\" data-ha-partcolor=\"\" data-ha-partopacity=\"\" data-ha-partdirection=\"bottom\" class=\"elementor-element elementor-element-6d2e7d4 ha-particle-yes e-flex e-con-boxed ha-particle-adv-no e-con e-parent\" data-id=\"6d2e7d4\" data-element_type=\"container\" data-settings=\"{&quot;background_background&quot;:&quot;classic&quot;}\">\n\t\t\t\t\t<div class=\"e-con-inner\">\n\t\t\t\t<div class=\"elementor-element elementor-element-2e5a420 elementor-widget elementor-widget-heading\" data-id=\"2e5a420\" data-element_type=\"widget\" data-widget_type=\"heading.default\">\n\t\t\t\t\t<h2 class=\"elementor-heading-title elementor-size-default\">Zesp\u00f3\u0142 Occur<\/h2>\t\t\t\t<\/div>\n\t\t\t\t\t<\/div>\n\t\t\t\t<\/div>\n\t\t<div class=\"elementor-element elementor-element-7f68c24 e-flex e-con-boxed e-con e-parent\" data-id=\"7f68c24\" data-element_type=\"container\">\n\t\t\t\t\t<div class=\"e-con-inner\">\n\t\t\t\t<div class=\"elementor-element elementor-element-d3ea63b elementor-invisible elementor-widget elementor-widget-heading\" data-id=\"d3ea63b\" data-element_type=\"widget\" data-settings=\"{&quot;_animation&quot;:&quot;fadeIn&quot;}\" data-widget_type=\"heading.default\">\n\t\t\t\t\t<span class=\"elementor-heading-title elementor-size-default\">Poznaj zesp\u00f3\u0142<\/span>\t\t\t\t<\/div>\n\t\t\t\t<div class=\"elementor-element elementor-element-0257935 elementor-widget-divider--view-line elementor-widget elementor-widget-divider\" data-id=\"0257935\" data-element_type=\"widget\" data-widget_type=\"divider.default\">\n\t\t\t\t\t\t\t<div class=\"elementor-divider\">\n\t\t\t<span class=\"elementor-divider-separator\">\n\t\t\t\t\t\t<\/span>\n\t\t<\/div>\n\t\t\t\t\t\t<\/div>\n\t\t\t\t\t<\/div>\n\t\t\t\t<\/div>\n\t\t<div class=\"elementor-element elementor-element-f2c5adf e-grid e-con-boxed e-con e-parent\" data-id=\"f2c5adf\" data-element_type=\"container\">\n\t\t\t\t\t<div class=\"e-con-inner\">\n\t\t\t\t<div class=\"elementor-element elementor-element-2517a94 elementor-widget elementor-widget-ha-member happy-addon ha-member\" data-id=\"2517a94\" data-element_type=\"widget\" data-widget_type=\"ha-member.default\">\n\t\t\t\t\t\n\t\t\t\t\t<figure class=\"ha-member-figure\">\n\t\t\t\t<img fetchpriority=\"high\" decoding=\"async\" width=\"300\" height=\"300\" src=\"https:\/\/occurtrial.co.uk\/wp-content\/uploads\/2025\/10\/Mark-Lambie.jpg\" class=\"elementor-animation-disable-animation attachment-medium size-medium wp-image-1909\" alt=\"\" srcset=\"https:\/\/occurtrial.co.uk\/wp-content\/uploads\/2025\/10\/Mark-Lambie.jpg 300w, https:\/\/occurtrial.co.uk\/wp-content\/uploads\/2025\/10\/Mark-Lambie-150x150.jpg 150w\" sizes=\"(max-width: 300px) 100vw, 300px\" \/>\t\t\t<\/figure>\n\t\t\n\t\t<div class=\"ha-member-body\">\n\t\t\t<h2 class=\"ha-member-name\">Dr Mark Lambie<\/h2>\n\t\t\t\t\t\t\t<div class=\"ha-member-position\">G\u0142\u00f3wny Badacz i Starszy Wyk\u0142adowca Medycyny Nefrologicznej, Honorowy Konsultant Nefrolog UHNM<\/div>\n\t\t\t\n\t\t\t\n\t\t\t\n\t\t\t\n\t\t\t\t\t<\/div>\n\t\t\t\t\t\t<\/div>\n\t\t\t\t<div class=\"elementor-element elementor-element-f4c2f4b elementor-widget elementor-widget-ha-member happy-addon ha-member\" data-id=\"f4c2f4b\" data-element_type=\"widget\" data-widget_type=\"ha-member.default\">\n\t\t\t\t\t\n\t\t\t\t\t<figure class=\"ha-member-figure\">\n\t\t\t\t<img decoding=\"async\" width=\"300\" height=\"300\" src=\"https:\/\/occurtrial.co.uk\/wp-content\/uploads\/2025\/10\/Emma-Healey.jpg\" class=\"elementor-animation-disable-animation attachment-medium size-medium wp-image-1901\" alt=\"\" srcset=\"https:\/\/occurtrial.co.uk\/wp-content\/uploads\/2025\/10\/Emma-Healey.jpg 300w, https:\/\/occurtrial.co.uk\/wp-content\/uploads\/2025\/10\/Emma-Healey-150x150.jpg 150w\" sizes=\"(max-width: 300px) 100vw, 300px\" \/>\t\t\t<\/figure>\n\t\t\n\t\t<div class=\"ha-member-body\">\n\t\t\t<h2 class=\"ha-member-name\">Dr Emma Healey<\/h2>\n\t\t\t\t\t\t\t<div class=\"ha-member-position\">Wsp\u00f3\u0142badacz i czytelnik w dziedzinie d\u0142ugoterminowych stan\u00f3w zdrowia<\/div>\n\t\t\t\n\t\t\t\n\t\t\t\n\t\t\t\n\t\t\t\t\t<\/div>\n\t\t\t\t\t\t<\/div>\n\t\t\t\t<div class=\"elementor-element elementor-element-f888433 elementor-widget elementor-widget-ha-member happy-addon ha-member\" data-id=\"f888433\" data-element_type=\"widget\" data-widget_type=\"ha-member.default\">\n\t\t\t\t\t\n\t\t\t\t\t<figure class=\"ha-member-figure\">\n\t\t\t\t<img decoding=\"async\" width=\"300\" height=\"300\" src=\"https:\/\/occurtrial.co.uk\/wp-content\/uploads\/2025\/10\/Sarah-Lawton.jpg\" class=\"elementor-animation-disable-animation attachment-medium size-medium wp-image-1915\" alt=\"\" srcset=\"https:\/\/occurtrial.co.uk\/wp-content\/uploads\/2025\/10\/Sarah-Lawton.jpg 300w, https:\/\/occurtrial.co.uk\/wp-content\/uploads\/2025\/10\/Sarah-Lawton-150x150.jpg 150w\" sizes=\"(max-width: 300px) 100vw, 300px\" \/>\t\t\t<\/figure>\n\t\t\n\t\t<div class=\"ha-member-body\">\n\t\t\t<h2 class=\"ha-member-name\">Sarah Lawton<\/h2>\n\t\t\t\t\t\t\t<div class=\"ha-member-position\">Starszy Kierownik Badania<\/div>\n\t\t\t\n\t\t\t\n\t\t\t\n\t\t\t\n\t\t\t\t\t<\/div>\n\t\t\t\t\t\t<\/div>\n\t\t\t\t<div class=\"elementor-element elementor-element-ef9d230 elementor-widget elementor-widget-ha-member happy-addon ha-member\" data-id=\"ef9d230\" data-element_type=\"widget\" data-widget_type=\"ha-member.default\">\n\t\t\t\t\t\n\t\t\t\t\t<figure class=\"ha-member-figure\">\n\t\t\t\t<img loading=\"lazy\" decoding=\"async\" width=\"300\" height=\"300\" src=\"https:\/\/occurtrial.co.uk\/wp-content\/uploads\/2025\/10\/Andrea-Cherrington.jpg\" class=\"elementor-animation-disable-animation attachment-medium size-medium wp-image-1891\" alt=\"\" srcset=\"https:\/\/occurtrial.co.uk\/wp-content\/uploads\/2025\/10\/Andrea-Cherrington.jpg 300w, https:\/\/occurtrial.co.uk\/wp-content\/uploads\/2025\/10\/Andrea-Cherrington-150x150.jpg 150w\" sizes=\"(max-width: 300px) 100vw, 300px\" \/>\t\t\t<\/figure>\n\t\t\n\t\t<div class=\"ha-member-body\">\n\t\t\t<h2 class=\"ha-member-name\">Dr Andrea Cherrington<\/h2>\n\t\t\t\t\t\t\t<div class=\"ha-member-position\">Kierownik Badania<\/div>\n\t\t\t\n\t\t\t\n\t\t\t\n\t\t\t\n\t\t\t\t\t<\/div>\n\t\t\t\t\t\t<\/div>\n\t\t\t\t<div class=\"elementor-element elementor-element-3a9ad4c elementor-widget elementor-widget-ha-member happy-addon ha-member\" data-id=\"3a9ad4c\" data-element_type=\"widget\" data-widget_type=\"ha-member.default\">\n\t\t\t\t\t\n\t\t\t\t\t<figure class=\"ha-member-figure\">\n\t\t\t\t<img loading=\"lazy\" decoding=\"async\" width=\"300\" height=\"300\" src=\"https:\/\/occurtrial.co.uk\/wp-content\/uploads\/2025\/10\/Emma-Marshall.jpg\" class=\"elementor-animation-disable-animation attachment-medium size-medium wp-image-1903\" alt=\"\" srcset=\"https:\/\/occurtrial.co.uk\/wp-content\/uploads\/2025\/10\/Emma-Marshall.jpg 300w, https:\/\/occurtrial.co.uk\/wp-content\/uploads\/2025\/10\/Emma-Marshall-150x150.jpg 150w\" sizes=\"(max-width: 300px) 100vw, 300px\" \/>\t\t\t<\/figure>\n\t\t\n\t\t<div class=\"ha-member-body\">\n\t\t\t<h2 class=\"ha-member-name\">Emma Marshall<\/h2>\n\t\t\t\t\t\t\t<div class=\"ha-member-position\">Kierownik Badania<\/div>\n\t\t\t\n\t\t\t\n\t\t\t\n\t\t\t\n\t\t\t\t\t<\/div>\n\t\t\t\t\t\t<\/div>\n\t\t\t\t<div class=\"elementor-element elementor-element-9fc78ee elementor-widget elementor-widget-ha-member happy-addon ha-member\" data-id=\"9fc78ee\" data-element_type=\"widget\" data-widget_type=\"ha-member.default\">\n\t\t\t\t\t\n\t\t\t\t\t<figure class=\"ha-member-figure\">\n\t\t\t\t<img loading=\"lazy\" decoding=\"async\" width=\"300\" height=\"300\" src=\"https:\/\/occurtrial.co.uk\/wp-content\/uploads\/2025\/10\/Gemma-Hughes.jpg\" class=\"elementor-animation-disable-animation attachment-medium size-medium wp-image-1905\" alt=\"\" srcset=\"https:\/\/occurtrial.co.uk\/wp-content\/uploads\/2025\/10\/Gemma-Hughes.jpg 300w, https:\/\/occurtrial.co.uk\/wp-content\/uploads\/2025\/10\/Gemma-Hughes-150x150.jpg 150w\" sizes=\"(max-width: 300px) 100vw, 300px\" \/>\t\t\t<\/figure>\n\t\t\n\t\t<div class=\"ha-member-body\">\n\t\t\t<h2 class=\"ha-member-name\">Gemma Hughes<\/h2>\n\t\t\t\t\t\t\t<div class=\"ha-member-position\">Kierownik Badania<\/div>\n\t\t\t\n\t\t\t\n\t\t\t\n\t\t\t\n\t\t\t\t\t<\/div>\n\t\t\t\t\t\t<\/div>\n\t\t\t\t\t<\/div>\n\t\t\t\t<\/div>\n\t\t<div class=\"elementor-element elementor-element-cc4c0d0 e-grid e-con-boxed e-con e-parent\" data-id=\"cc4c0d0\" data-element_type=\"container\">\n\t\t\t\t\t<div class=\"e-con-inner\">\n\t\t\t\t<div class=\"elementor-element elementor-element-e56cbf7 elementor-widget elementor-widget-ha-member happy-addon ha-member\" data-id=\"e56cbf7\" data-element_type=\"widget\" data-widget_type=\"ha-member.default\">\n\t\t\t\t\t\n\t\t\t\t\t<figure class=\"ha-member-figure\">\n\t\t\t\t<img loading=\"lazy\" decoding=\"async\" width=\"300\" height=\"300\" src=\"https:\/\/occurtrial.co.uk\/wp-content\/uploads\/2025\/10\/Team-Placeholder.jpg\" class=\"elementor-animation-disable-animation attachment-medium size-medium wp-image-1965\" alt=\"\" srcset=\"https:\/\/occurtrial.co.uk\/wp-content\/uploads\/2025\/10\/Team-Placeholder.jpg 300w, https:\/\/occurtrial.co.uk\/wp-content\/uploads\/2025\/10\/Team-Placeholder-150x150.jpg 150w\" sizes=\"(max-width: 300px) 100vw, 300px\" \/>\t\t\t<\/figure>\n\t\t\n\t\t<div class=\"ha-member-body\">\n\t\t\t<h2 class=\"ha-member-name\">Rachael Heath<\/h2>\n\t\t\t\t\t\t\t<div class=\"ha-member-position\">G\u0142\u00f3wny Administrator Badania<\/div>\n\t\t\t\n\t\t\t\n\t\t\t\n\t\t\t\n\t\t\t\t\t<\/div>\n\t\t\t\t\t\t<\/div>\n\t\t\t\t<div class=\"elementor-element elementor-element-8eee2b4 elementor-widget elementor-widget-ha-member happy-addon ha-member\" data-id=\"8eee2b4\" data-element_type=\"widget\" data-widget_type=\"ha-member.default\">\n\t\t\t\t\t\n\t\t\t\t\t<figure class=\"ha-member-figure\">\n\t\t\t\t<img loading=\"lazy\" decoding=\"async\" width=\"300\" height=\"300\" src=\"https:\/\/occurtrial.co.uk\/wp-content\/uploads\/2025\/10\/Alyn-Martyn.jpg\" class=\"elementor-animation-disable-animation attachment-medium size-medium wp-image-1889\" alt=\"\" srcset=\"https:\/\/occurtrial.co.uk\/wp-content\/uploads\/2025\/10\/Alyn-Martyn.jpg 300w, https:\/\/occurtrial.co.uk\/wp-content\/uploads\/2025\/10\/Alyn-Martyn-150x150.jpg 150w\" sizes=\"(max-width: 300px) 100vw, 300px\" \/>\t\t\t<\/figure>\n\t\t\n\t\t<div class=\"ha-member-body\">\n\t\t\t<h2 class=\"ha-member-name\">Profesor Alyn Martyn Lewis<\/h2>\n\t\t\t\t\t\t\t<div class=\"ha-member-position\">G\u0142\u00f3wny Statystyk<\/div>\n\t\t\t\n\t\t\t\n\t\t\t\n\t\t\t\n\t\t\t\t\t<\/div>\n\t\t\t\t\t\t<\/div>\n\t\t\t\t<div class=\"elementor-element elementor-element-31dd42b elementor-widget elementor-widget-ha-member happy-addon ha-member\" data-id=\"31dd42b\" data-element_type=\"widget\" data-widget_type=\"ha-member.default\">\n\t\t\t\t\t\n\t\t\t\t\t<figure class=\"ha-member-figure\">\n\t\t\t\t<img loading=\"lazy\" decoding=\"async\" width=\"300\" height=\"300\" src=\"https:\/\/occurtrial.co.uk\/wp-content\/uploads\/2025\/10\/Kieran-Bromley.jpg\" class=\"elementor-animation-disable-animation attachment-medium size-medium wp-image-1907\" alt=\"\" srcset=\"https:\/\/occurtrial.co.uk\/wp-content\/uploads\/2025\/10\/Kieran-Bromley.jpg 300w, https:\/\/occurtrial.co.uk\/wp-content\/uploads\/2025\/10\/Kieran-Bromley-150x150.jpg 150w\" sizes=\"(max-width: 300px) 100vw, 300px\" \/>\t\t\t<\/figure>\n\t\t\n\t\t<div class=\"ha-member-body\">\n\t\t\t<h2 class=\"ha-member-name\">Kieran Bromley <\/h2>\n\t\t\t\t\t\t\t<div class=\"ha-member-position\">Statystyk<\/div>\n\t\t\t\n\t\t\t\n\t\t\t\n\t\t\t\n\t\t\t\t\t<\/div>\n\t\t\t\t\t\t<\/div>\n\t\t\t\t<div class=\"elementor-element elementor-element-03c1ab7 elementor-widget elementor-widget-ha-member happy-addon ha-member\" data-id=\"03c1ab7\" data-element_type=\"widget\" data-widget_type=\"ha-member.default\">\n\t\t\t\t\t\n\t\t\t\t\t<figure class=\"ha-member-figure\">\n\t\t\t\t<img loading=\"lazy\" decoding=\"async\" width=\"300\" height=\"300\" src=\"https:\/\/occurtrial.co.uk\/wp-content\/uploads\/2025\/10\/Raymond-Oppong.jpg\" class=\"elementor-animation-disable-animation attachment-medium size-medium wp-image-1913\" alt=\"\" srcset=\"https:\/\/occurtrial.co.uk\/wp-content\/uploads\/2025\/10\/Raymond-Oppong.jpg 300w, https:\/\/occurtrial.co.uk\/wp-content\/uploads\/2025\/10\/Raymond-Oppong-150x150.jpg 150w\" sizes=\"(max-width: 300px) 100vw, 300px\" \/>\t\t\t<\/figure>\n\t\t\n\t\t<div class=\"ha-member-body\">\n\t\t\t<h2 class=\"ha-member-name\">Dr Raymond Oppong<\/h2>\n\t\t\t\t\t\t\t<div class=\"ha-member-position\"> Ekonomista Zdrowia. Profesor Nadzwyczajny Ekonomii Zdrowia, University of Birmingham  <\/div>\n\t\t\t\n\t\t\t\n\t\t\t\n\t\t\t\n\t\t\t\t\t<\/div>\n\t\t\t\t\t\t<\/div>\n\t\t\t\t<div class=\"elementor-element elementor-element-a382cb2 elementor-widget elementor-widget-ha-member happy-addon ha-member\" data-id=\"a382cb2\" data-element_type=\"widget\" data-widget_type=\"ha-member.default\">\n\t\t\t\t\t\n\t\t\t\t\t<figure class=\"ha-member-figure\">\n\t\t\t\t<img loading=\"lazy\" decoding=\"async\" width=\"300\" height=\"300\" src=\"https:\/\/occurtrial.co.uk\/wp-content\/uploads\/2025\/10\/Team-Placeholder.jpg\" class=\"elementor-animation-disable-animation attachment-medium size-medium wp-image-1965\" alt=\"\" srcset=\"https:\/\/occurtrial.co.uk\/wp-content\/uploads\/2025\/10\/Team-Placeholder.jpg 300w, https:\/\/occurtrial.co.uk\/wp-content\/uploads\/2025\/10\/Team-Placeholder-150x150.jpg 150w\" sizes=\"(max-width: 300px) 100vw, 300px\" \/>\t\t\t<\/figure>\n\t\t\n\t\t<div class=\"ha-member-body\">\n\t\t\t<h2 class=\"ha-member-name\">Seeba Matthew<\/h2>\n\t\t\t\t\t\t\t<div class=\"ha-member-position\">Farmaceuta Badania. Farmaceuta Zaawansowany, Midlands Partnership University NHS Foundation Trust  <\/div>\n\t\t\t\n\t\t\t\n\t\t\t\n\t\t\t\n\t\t\t\t\t<\/div>\n\t\t\t\t\t\t<\/div>\n\t\t\t\t\t<\/div>\n\t\t\t\t<\/div>\n\t\t<div class=\"elementor-element elementor-element-6f0aa2b e-flex e-con-boxed e-con e-parent\" data-id=\"6f0aa2b\" data-element_type=\"container\">\n\t\t\t\t\t<div class=\"e-con-inner\">\n\t\t\t\t<div class=\"elementor-element elementor-element-bf83f09 elementor-invisible elementor-widget elementor-widget-heading\" data-id=\"bf83f09\" data-element_type=\"widget\" data-settings=\"{&quot;_animation&quot;:&quot;fadeIn&quot;}\" data-widget_type=\"heading.default\">\n\t\t\t\t\t<span class=\"elementor-heading-title elementor-size-default\">Kluczowi wsp\u00f3\u0142pracownicy<\/span>\t\t\t\t<\/div>\n\t\t\t\t<div class=\"elementor-element elementor-element-75216f4 elementor-widget-divider--view-line elementor-widget elementor-widget-divider\" data-id=\"75216f4\" data-element_type=\"widget\" data-widget_type=\"divider.default\">\n\t\t\t\t\t\t\t<div class=\"elementor-divider\">\n\t\t\t<span class=\"elementor-divider-separator\">\n\t\t\t\t\t\t<\/span>\n\t\t<\/div>\n\t\t\t\t\t\t<\/div>\n\t\t\t\t\t<\/div>\n\t\t\t\t<\/div>\n\t\t<div class=\"elementor-element elementor-element-6f3ba35 e-grid e-con-boxed e-con e-parent\" data-id=\"6f3ba35\" data-element_type=\"container\">\n\t\t\t\t\t<div class=\"e-con-inner\">\n\t\t\t\t<div class=\"elementor-element elementor-element-35f9a7d elementor-widget elementor-widget-ha-member happy-addon ha-member\" data-id=\"35f9a7d\" data-element_type=\"widget\" data-widget_type=\"ha-member.default\">\n\t\t\t\t\t\n\t\t\t\t\t<figure class=\"ha-member-figure\">\n\t\t\t\t<img loading=\"lazy\" decoding=\"async\" width=\"300\" height=\"300\" src=\"https:\/\/occurtrial.co.uk\/wp-content\/uploads\/2025\/10\/Ed-Roddy.jpg\" class=\"elementor-animation-disable-animation attachment-medium size-medium wp-image-1899\" alt=\"\" srcset=\"https:\/\/occurtrial.co.uk\/wp-content\/uploads\/2025\/10\/Ed-Roddy.jpg 300w, https:\/\/occurtrial.co.uk\/wp-content\/uploads\/2025\/10\/Ed-Roddy-150x150.jpg 150w\" sizes=\"(max-width: 300px) 100vw, 300px\" \/>\t\t\t<\/figure>\n\t\t\n\t\t<div class=\"ha-member-body\">\n\t\t\t<h2 class=\"ha-member-name\">Profesor Ed Roddy<\/h2>\n\t\t\t\t\t\t\t<div class=\"ha-member-position\">Profesor Reumatologii\/Konsultant Reumatolog Haywood Hospital Midlands Partnership University NHS Foundation Trust <\/div>\n\t\t\t\n\t\t\t\n\t\t\t\n\t\t\t\n\t\t\t\t\t<\/div>\n\t\t\t\t\t\t<\/div>\n\t\t\t\t<div class=\"elementor-element elementor-element-bfdba3c elementor-widget elementor-widget-ha-member happy-addon ha-member\" data-id=\"bfdba3c\" data-element_type=\"widget\" data-widget_type=\"ha-member.default\">\n\t\t\t\t\t\n\t\t\t\t\t<figure class=\"ha-member-figure\">\n\t\t\t\t<img loading=\"lazy\" decoding=\"async\" width=\"300\" height=\"300\" src=\"https:\/\/occurtrial.co.uk\/wp-content\/uploads\/2026\/01\/Abishek.jpg\" class=\"elementor-animation-disable-animation attachment-medium size-medium wp-image-2603\" alt=\"\" srcset=\"https:\/\/occurtrial.co.uk\/wp-content\/uploads\/2026\/01\/Abishek.jpg 300w, https:\/\/occurtrial.co.uk\/wp-content\/uploads\/2026\/01\/Abishek-150x150.jpg 150w\" sizes=\"(max-width: 300px) 100vw, 300px\" \/>\t\t\t<\/figure>\n\t\t\n\t\t<div class=\"ha-member-body\">\n\t\t\t<h2 class=\"ha-member-name\">Profesor Abishek Abishek<\/h2>\n\t\t\t\t\t\t\t<div class=\"ha-member-position\">Profesor Reumatologii, Wydzia\u0142 Medycyny i Nauk o Zdrowiu, University of Nottingham<\/div>\n\t\t\t\n\t\t\t\n\t\t\t\n\t\t\t\n\t\t\t\t\t<\/div>\n\t\t\t\t\t\t<\/div>\n\t\t\t\t<div class=\"elementor-element elementor-element-e09c60d elementor-widget elementor-widget-ha-member happy-addon ha-member\" data-id=\"e09c60d\" data-element_type=\"widget\" data-widget_type=\"ha-member.default\">\n\t\t\t\t\t\n\t\t\t\t\t<figure class=\"ha-member-figure\">\n\t\t\t\t<img loading=\"lazy\" decoding=\"async\" width=\"300\" height=\"300\" src=\"https:\/\/occurtrial.co.uk\/wp-content\/uploads\/2026\/01\/Paul.jpg\" class=\"elementor-animation-disable-animation attachment-medium size-medium wp-image-2601\" alt=\"\" srcset=\"https:\/\/occurtrial.co.uk\/wp-content\/uploads\/2026\/01\/Paul.jpg 300w, https:\/\/occurtrial.co.uk\/wp-content\/uploads\/2026\/01\/Paul-150x150.jpg 150w\" sizes=\"(max-width: 300px) 100vw, 300px\" \/>\t\t\t<\/figure>\n\t\t\n\t\t<div class=\"ha-member-body\">\n\t\t\t<h2 class=\"ha-member-name\">Profesor Paul Little<\/h2>\n\t\t\t\t\t\t\t<div class=\"ha-member-position\">Profesor Bada\u0144 Podstawowej Opieki Zdrowotnej, University of Southampton<\/div>\n\t\t\t\n\t\t\t\n\t\t\t\n\t\t\t\n\t\t\t\t\t<\/div>\n\t\t\t\t\t\t<\/div>\n\t\t\t\t<div class=\"elementor-element elementor-element-6d97aa6 elementor-widget elementor-widget-ha-member happy-addon ha-member\" data-id=\"6d97aa6\" data-element_type=\"widget\" data-widget_type=\"ha-member.default\">\n\t\t\t\t\t\n\t\t\t\t\t<figure class=\"ha-member-figure\">\n\t\t\t\t<img loading=\"lazy\" decoding=\"async\" width=\"300\" height=\"300\" src=\"https:\/\/occurtrial.co.uk\/wp-content\/uploads\/2025\/10\/Mirium-Santer.jpg\" class=\"elementor-animation-disable-animation attachment-medium size-medium wp-image-1911\" alt=\"\" srcset=\"https:\/\/occurtrial.co.uk\/wp-content\/uploads\/2025\/10\/Mirium-Santer.jpg 300w, https:\/\/occurtrial.co.uk\/wp-content\/uploads\/2025\/10\/Mirium-Santer-150x150.jpg 150w\" sizes=\"(max-width: 300px) 100vw, 300px\" \/>\t\t\t<\/figure>\n\t\t\n\t\t<div class=\"ha-member-body\">\n\t\t\t<h2 class=\"ha-member-name\">Profesor Miriam Santer<\/h2>\n\t\t\t\t\t\t\t<div class=\"ha-member-position\">Profesor Bada\u0144 Podstawowej Opieki Zdrowotnej, University of Southampton<\/div>\n\t\t\t\n\t\t\t\n\t\t\t\n\t\t\t\n\t\t\t\t\t<\/div>\n\t\t\t\t\t\t<\/div>\n\t\t\t\t<div class=\"elementor-element elementor-element-7eea15e elementor-widget elementor-widget-ha-member happy-addon ha-member\" data-id=\"7eea15e\" data-element_type=\"widget\" data-widget_type=\"ha-member.default\">\n\t\t\t\t\t\n\t\t\t\t\t<figure class=\"ha-member-figure\">\n\t\t\t\t<img loading=\"lazy\" decoding=\"async\" width=\"300\" height=\"300\" src=\"https:\/\/occurtrial.co.uk\/wp-content\/uploads\/2025\/10\/Christian-Mallen.jpg\" class=\"elementor-animation-disable-animation attachment-medium size-medium wp-image-1897\" alt=\"\" srcset=\"https:\/\/occurtrial.co.uk\/wp-content\/uploads\/2025\/10\/Christian-Mallen.jpg 300w, https:\/\/occurtrial.co.uk\/wp-content\/uploads\/2025\/10\/Christian-Mallen-150x150.jpg 150w\" sizes=\"(max-width: 300px) 100vw, 300px\" \/>\t\t\t<\/figure>\n\t\t\n\t\t<div class=\"ha-member-body\">\n\t\t\t<h2 class=\"ha-member-name\">Profesor Christian Mallen<\/h2>\n\t\t\t\t\t\t\t<div class=\"ha-member-position\">Dziekan Wykonawczy Medycyny i Nauk o Zdrowiu, Profesor Medycyny Og\u00f3lnej i Zdrowia Publicznego, Keele University <\/div>\n\t\t\t\n\t\t\t\n\t\t\t\n\t\t\t\n\t\t\t\t\t<\/div>\n\t\t\t\t\t\t<\/div>\n\t\t\t\t<div class=\"elementor-element elementor-element-a884a37 elementor-widget elementor-widget-ha-member happy-addon ha-member\" data-id=\"a884a37\" data-element_type=\"widget\" data-widget_type=\"ha-member.default\">\n\t\t\t\t\t\n\t\t\t\t\t<figure class=\"ha-member-figure\">\n\t\t\t\t<img loading=\"lazy\" decoding=\"async\" width=\"300\" height=\"300\" src=\"https:\/\/occurtrial.co.uk\/wp-content\/uploads\/2025\/10\/Caroline-Mitchell.jpg\" class=\"elementor-animation-disable-animation attachment-medium size-medium wp-image-1895\" alt=\"\" srcset=\"https:\/\/occurtrial.co.uk\/wp-content\/uploads\/2025\/10\/Caroline-Mitchell.jpg 300w, https:\/\/occurtrial.co.uk\/wp-content\/uploads\/2025\/10\/Caroline-Mitchell-150x150.jpg 150w\" sizes=\"(max-width: 300px) 100vw, 300px\" \/>\t\t\t<\/figure>\n\t\t\n\t\t<div class=\"ha-member-body\">\n\t\t\t<h2 class=\"ha-member-name\">Profesor Caroline Mitchell<\/h2>\n\t\t\t\t\t\t\t<div class=\"ha-member-position\">Profesor Medycyny Og\u00f3lnej, Keele University <\/div>\n\t\t\t\n\t\t\t\n\t\t\t\n\t\t\t\n\t\t\t\t\t<\/div>\n\t\t\t\t\t\t<\/div>\n\t\t\t\t\t<\/div>\n\t\t\t\t<\/div>\n\t\t\t\t<\/div>\n\t\t","protected":false},"excerpt":{"rendered":"<p>Zesp\u00f3\u0142 Occur Poznaj zesp\u00f3\u0142 Dr Mark Lambie G\u0142\u00f3wny Badacz i Starszy Wyk\u0142adowca Medycyny Nefrologicznej, Honorowy Konsultant Nefrolog UHNM Dr Emma Healey Wsp\u00f3\u0142badacz i czytelnik w dziedzinie d\u0142ugoterminowych stan\u00f3w zdrowia Sarah Lawton Starszy Kierownik Badania Dr Andrea Cherrington Kierownik Badania Emma Marshall Kierownik Badania Gemma Hughes Kierownik Badania Rachael Heath G\u0142\u00f3wny Administrator Badania Profesor Alyn Martyn [&hellip;]<\/p>\n","protected":false},"author":1,"featured_media":0,"parent":0,"menu_order":0,"comment_status":"closed","ping_status":"closed","template":"","meta":{"_monsterinsights_skip_tracking":false,"_monsterinsights_sitenote_active":false,"_monsterinsights_sitenote_note":"","_monsterinsights_sitenote_category":0,"_uf_show_specific_survey":0,"_uf_disable_surveys":false,"footnotes":""},"class_list":["post-3183","page","type-page","status-publish","hentry"],"aioseo_notices":[],"_links":{"self":[{"href":"https:\/\/occurtrial.co.uk\/pl\/wp-json\/wp\/v2\/pages\/3183","targetHints":{"allow":["GET"]}}],"collection":[{"href":"https:\/\/occurtrial.co.uk\/pl\/wp-json\/wp\/v2\/pages"}],"about":[{"href":"https:\/\/occurtrial.co.uk\/pl\/wp-json\/wp\/v2\/types\/page"}],"author":[{"embeddable":true,"href":"https:\/\/occurtrial.co.uk\/pl\/wp-json\/wp\/v2\/users\/1"}],"replies":[{"embeddable":true,"href":"https:\/\/occurtrial.co.uk\/pl\/wp-json\/wp\/v2\/comments?post=3183"}],"version-history":[{"count":3,"href":"https:\/\/occurtrial.co.uk\/pl\/wp-json\/wp\/v2\/pages\/3183\/revisions"}],"predecessor-version":[{"id":3409,"href":"https:\/\/occurtrial.co.uk\/pl\/wp-json\/wp\/v2\/pages\/3183\/revisions\/3409"}],"wp:attachment":[{"href":"https:\/\/occurtrial.co.uk\/pl\/wp-json\/wp\/v2\/media?parent=3183"}],"curies":[{"name":"wp","href":"https:\/\/api.w.org\/{rel}","templated":true}]}}